{"id":23,"date":"2020-12-08T03:53:49","date_gmt":"2020-12-08T03:53:49","guid":{"rendered":"https:\/\/gaviaspreview.com\/wp\/tevily\/?page_id=23"},"modified":"2024-10-21T03:49:39","modified_gmt":"2024-10-21T03:49:39","slug":"costa","status":"publish","type":"page","link":"https:\/\/ecuanegos.ec\/en\/costa\/","title":{"rendered":"Coast"},"content":{"rendered":"<div data-elementor-type=\"wp-page\" data-elementor-id=\"23\" class=\"elementor elementor-23\" data-elementor-post-type=\"page\">\n\t\t\t\t\t\t<section class=\"elementor-section elementor-top-section elementor-element elementor-element-7e9c1af9 elementor-section-stretched elementor-section-boxed elementor-section-height-default elementor-section-height-default row-top\" data-id=\"7e9c1af9\" data-element_type=\"section\" data-settings=\"{&quot;stretch_section&quot;:&quot;section-stretched&quot;}\">\n\t\t\t\t\t\t<div class=\"elementor-container elementor-column-gap-default\">\n\t\t\t\t\t<div class=\"elementor-column elementor-col-100 elementor-top-column elementor-element elementor-element-27c9e840\" data-id=\"27c9e840\" data-element_type=\"column\">\n\t\t\t<div class=\"elementor-widget-wrap elementor-element-populated\">\n\t\t\t\t\t\t<div class=\"elementor-element elementor-element-9dd8d7b elementor-widget elementor-widget-heading\" data-id=\"9dd8d7b\" data-element_type=\"widget\" data-settings=\"{&quot;ekit_we_effect_on&quot;:&quot;none&quot;}\" data-widget_type=\"heading.default\">\n\t\t\t\t<div class=\"elementor-widget-container\">\n\t\t\t<h2 class=\"elementor-heading-title elementor-size-default\">Fall in love with the Pacific paradise<\/h2>\t\t<\/div>\n\t\t\t\t<\/div>\n\t\t\t\t<div class=\"elementor-element elementor-element-72bc75f elementor-widget elementor-widget-text-editor\" data-id=\"72bc75f\" data-element_type=\"widget\" data-settings=\"{&quot;ekit_we_effect_on&quot;:&quot;none&quot;}\" data-widget_type=\"text-editor.default\">\n\t\t\t\t<div class=\"elementor-widget-container\">\n\t\t\t\t\t\t\t<p>The Ecuadorian coast is a captivating destination that combines impressive beaches, marine biodiversity and cultural charm. With its beautiful coastlines, it offers the opportunity to relax on paradisiacal beaches and enjoy water sports. Its mangroves and national parks protect rich biodiversity. Cities like Guayaquil and Manta offer vibrant urban experiences and the chance to immerse yourself in local culture. The Ecuadorian coast is a perfect place for sea lovers, adventurers and those curious about coastal culture.<\/p>\t\t\t\t\t\t<\/div>\n\t\t\t\t<\/div>\n\t\t\t\t<div class=\"elementor-element elementor-element-63700fe5 elementor-widget elementor-widget-gva-gallery\" data-id=\"63700fe5\" data-element_type=\"widget\" data-settings=\"{&quot;ekit_we_effect_on&quot;:&quot;none&quot;}\" data-widget_type=\"gva-gallery.default\">\n\t\t\t\t<div class=\"elementor-widget-container\">\n\t\t\t<div class=\"gva-element-gva-gallery gva-element\">  \r\n  \t<div class=\"gva-gallery-grid clearfix\">\r\n\t\t<div class=\"gva-content-items\"> \r\n\t\t  \t<div class=\"lg-block-grid-3 md-block-grid-3 sm-block-grid-3 xs-block-grid-2 xx-block-grid-2\">\r\n\t\t\t \t<div class=\"item\">\r\n<div class=\"gallery-item\">\r\n\r\n               <div class=\"image\">\r\n            <img decoding=\"async\" src=\"https:\/\/ecuanegos.ec\/wp-content\/uploads\/2024\/10\/cerro-santa-ana-600x600.jpg\" alt=\"Cerro Santa Ana\" \/>  \r\n         <\/div>\r\n         <a class=\"photo-gallery\" href=\"https:\/\/ecuanegos.ec\/wp-content\/uploads\/2024\/10\/cerro-santa-ana.jpg\" data-elementor-lightbox-slideshow=\"gallery-qp2l\"><\/a>\r\n      \r\n      <div class=\"image-content\">\r\n         <div class=\"content-inner\">\r\n                           <h3 class=\"title\">Cerro Santa Ana<\/h3>\r\n                                       <div class=\"sub-title\">Guayaquil<\/div>\r\n                     <\/div>   \r\n      <\/div>\r\n\r\n   <\/div>\r\n<\/div><div class=\"item\">\r\n<div class=\"gallery-item\">\r\n\r\n               <div class=\"image\">\r\n            <img decoding=\"async\" src=\"https:\/\/ecuanegos.ec\/wp-content\/uploads\/2024\/10\/murcielago-600x600.jpg\" alt=\"Playa Murci\u00e9lago\" \/>  \r\n         <\/div>\r\n         <a class=\"photo-gallery\" href=\"https:\/\/ecuanegos.ec\/wp-content\/uploads\/2024\/10\/murcielago.jpg\" data-elementor-lightbox-slideshow=\"gallery-qp2l\"><\/a>\r\n      \r\n      <div class=\"image-content\">\r\n         <div class=\"content-inner\">\r\n                           <h3 class=\"title\">Playa Murci\u00e9lago<\/h3>\r\n                                       <div class=\"sub-title\">Manta<\/div>\r\n                     <\/div>   \r\n      <\/div>\r\n\r\n   <\/div>\r\n<\/div><div class=\"item\">\r\n<div class=\"gallery-item\">\r\n\r\n               <div class=\"image\">\r\n            <img decoding=\"async\" src=\"https:\/\/ecuanegos.ec\/wp-content\/uploads\/2024\/10\/atacames-1-600x600.jpg\" alt=\"Playa Atacames\" \/>  \r\n         <\/div>\r\n         <a class=\"photo-gallery\" href=\"https:\/\/ecuanegos.ec\/wp-content\/uploads\/2024\/10\/atacames-1.jpg\" data-elementor-lightbox-slideshow=\"gallery-qp2l\"><\/a>\r\n      \r\n      <div class=\"image-content\">\r\n         <div class=\"content-inner\">\r\n                           <h3 class=\"title\">Playa Atacames<\/h3>\r\n                                       <div class=\"sub-title\">Esmeraldas<\/div>\r\n                     <\/div>   \r\n      <\/div>\r\n\r\n   <\/div>\r\n<\/div><div class=\"item\">\r\n<div class=\"gallery-item\">\r\n\r\n               <div class=\"image\">\r\n            <img decoding=\"async\" src=\"https:\/\/ecuanegos.ec\/wp-content\/uploads\/2024\/10\/san-lorenzo-600x600.jpg\" alt=\"Playa San Lorenzo\" \/>  \r\n         <\/div>\r\n         <a class=\"photo-gallery\" href=\"https:\/\/ecuanegos.ec\/wp-content\/uploads\/2024\/10\/san-lorenzo.jpg\" data-elementor-lightbox-slideshow=\"gallery-qp2l\"><\/a>\r\n      \r\n      <div class=\"image-content\">\r\n         <div class=\"content-inner\">\r\n                           <h3 class=\"title\">Playa San Lorenzo<\/h3>\r\n                                       <div class=\"sub-title\">Salinas<\/div>\r\n                     <\/div>   \r\n      <\/div>\r\n\r\n   <\/div>\r\n<\/div><div class=\"item\">\r\n<div class=\"gallery-item\">\r\n\r\n               <div class=\"image\">\r\n            <img decoding=\"async\" src=\"https:\/\/ecuanegos.ec\/wp-content\/uploads\/2024\/10\/montanita-600x600.jpg\" alt=\"Playa Monta\u00f1ita\" \/>  \r\n         <\/div>\r\n         <a class=\"photo-gallery\" href=\"https:\/\/ecuanegos.ec\/wp-content\/uploads\/2024\/10\/montanita.jpg\" data-elementor-lightbox-slideshow=\"gallery-qp2l\"><\/a>\r\n      \r\n      <div class=\"image-content\">\r\n         <div class=\"content-inner\">\r\n                           <h3 class=\"title\">Playa Monta\u00f1ita<\/h3>\r\n                                       <div class=\"sub-title\">Monta\u00f1ita<\/div>\r\n                     <\/div>   \r\n      <\/div>\r\n\r\n   <\/div>\r\n<\/div><div class=\"item\">\r\n<div class=\"gallery-item\">\r\n\r\n               <div class=\"image\">\r\n            <img decoding=\"async\" src=\"https:\/\/ecuanegos.ec\/wp-content\/uploads\/2024\/10\/salango-600x600.jpg\" alt=\"Isla Salango\" \/>  \r\n         <\/div>\r\n         <a class=\"photo-gallery\" href=\"https:\/\/ecuanegos.ec\/wp-content\/uploads\/2024\/10\/salango.jpg\" data-elementor-lightbox-slideshow=\"gallery-qp2l\"><\/a>\r\n      \r\n      <div class=\"image-content\">\r\n         <div class=\"content-inner\">\r\n                           <h3 class=\"title\">Isla Salango<\/h3>\r\n                                       <div class=\"sub-title\">Machalilla<\/div>\r\n                     <\/div>   \r\n      <\/div>\r\n\r\n   <\/div>\r\n<\/div><div class=\"item\">\r\n<div class=\"gallery-item\">\r\n\r\n               <div class=\"image\">\r\n            <img decoding=\"async\" src=\"https:\/\/ecuanegos.ec\/wp-content\/uploads\/2024\/10\/mompiche-600x600.avif\" alt=\"Playa Mompiche\" \/>  \r\n         <\/div>\r\n         <a class=\"photo-gallery\" href=\"https:\/\/ecuanegos.ec\/wp-content\/uploads\/2024\/10\/mompiche.avif\" data-elementor-lightbox-slideshow=\"gallery-qp2l\"><\/a>\r\n      \r\n      <div class=\"image-content\">\r\n         <div class=\"content-inner\">\r\n                           <h3 class=\"title\">Playa Mompiche<\/h3>\r\n                                       <div class=\"sub-title\">Esmeraldas<\/div>\r\n                     <\/div>   \r\n      <\/div>\r\n\r\n   <\/div>\r\n<\/div><div class=\"item\">\r\n<div class=\"gallery-item\">\r\n\r\n               <div class=\"image\">\r\n            <img decoding=\"async\" src=\"https:\/\/ecuanegos.ec\/wp-content\/uploads\/2024\/10\/avistamiento-ballenas-600x600.jpg\" alt=\"Avistamiento Ballenas\" \/>  \r\n         <\/div>\r\n         <a class=\"photo-gallery\" href=\"https:\/\/ecuanegos.ec\/wp-content\/uploads\/2024\/10\/avistamiento-ballenas.jpg\" data-elementor-lightbox-slideshow=\"gallery-qp2l\"><\/a>\r\n      \r\n      <div class=\"image-content\">\r\n         <div class=\"content-inner\">\r\n                           <h3 class=\"title\">Avistamiento Ballenas<\/h3>\r\n                                       <div class=\"sub-title\">Puerto Lopez<\/div>\r\n                     <\/div>   \r\n      <\/div>\r\n\r\n   <\/div>\r\n<\/div><div class=\"item\">\r\n<div class=\"gallery-item\">\r\n\r\n               <div class=\"image\">\r\n            <img decoding=\"async\" src=\"https:\/\/ecuanegos.ec\/wp-content\/uploads\/2024\/10\/d5af05d7-6111-4795-9ba1-2d55e475eba9-600x600.jpg\" alt=\"Isla Santay\" \/>  \r\n         <\/div>\r\n         <a class=\"photo-gallery\" href=\"https:\/\/ecuanegos.ec\/wp-content\/uploads\/2024\/10\/d5af05d7-6111-4795-9ba1-2d55e475eba9.jpg\" data-elementor-lightbox-slideshow=\"gallery-qp2l\"><\/a>\r\n      \r\n      <div class=\"image-content\">\r\n         <div class=\"content-inner\">\r\n                           <h3 class=\"title\">Isla Santay<\/h3>\r\n                                       <div class=\"sub-title\">Guayaquil<\/div>\r\n                     <\/div>   \r\n      <\/div>\r\n\r\n   <\/div>\r\n<\/div>\t\t  \t<\/div>\r\n\t\t<\/div>\r\n  \t<\/div>\r\n<\/div>\t\t<\/div>\n\t\t\t\t<\/div>\n\t\t\t\t\t<\/div>\n\t\t<\/div>\n\t\t\t\t\t<\/div>\n\t\t<\/section>\n\t\t\t\t<section class=\"elementor-section elementor-top-section elementor-element elementor-element-518fe21 bg-row-theme elementor-section-stretched elementor-section-boxed elementor-section-height-default elementor-section-height-default row-top\" data-id=\"518fe21\" data-element_type=\"section\" data-settings=\"{&quot;background_background&quot;:&quot;classic&quot;,&quot;stretch_section&quot;:&quot;section-stretched&quot;}\">\n\t\t\t\t\t\t<div class=\"elementor-container elementor-column-gap-default\">\n\t\t\t\t\t<div class=\"elementor-column elementor-col-50 elementor-top-column elementor-element elementor-element-e5d2649\" data-id=\"e5d2649\" data-element_type=\"column\">\n\t\t\t<div class=\"elementor-widget-wrap elementor-element-populated\">\n\t\t\t\t\t\t<div class=\"elementor-element elementor-element-d9f55ed elementor-widget elementor-widget-gva-heading-block\" data-id=\"d9f55ed\" data-element_type=\"widget\" data-settings=\"{&quot;ekit_we_effect_on&quot;:&quot;none&quot;}\" data-widget_type=\"gva-heading-block.default\">\n\t\t\t\t<div class=\"elementor-widget-container\">\n\t\t\t<div class=\"gva-element-gva-heading-block gva-element\">   <div class=\"align-left style-1 widget gsc-heading box-align-left auto-responsive\">\r\n      <div class=\"content-inner\">\r\n         \r\n                  \r\n           \r\n         \r\n                     <h2 class=\"title\">\r\n               <span>Let's plan your next adventure<\/span>\r\n            <\/h2>\r\n                  \r\n         \r\n      <\/div>\r\n   <\/div>\r\n<\/div>\t\t<\/div>\n\t\t\t\t<\/div>\n\t\t\t\t\t<\/div>\n\t\t<\/div>\n\t\t\t\t<div class=\"elementor-column elementor-col-50 elementor-top-column elementor-element elementor-element-95ccb15\" data-id=\"95ccb15\" data-element_type=\"column\">\n\t\t\t<div class=\"elementor-widget-wrap elementor-element-populated\">\n\t\t\t\t\t\t<div class=\"elementor-element elementor-element-181ca4a elementor-widget elementor-widget-elementskit-button\" data-id=\"181ca4a\" data-element_type=\"widget\" data-settings=\"{&quot;ekit_we_effect_on&quot;:&quot;none&quot;}\" data-widget_type=\"elementskit-button.default\">\n\t\t\t\t<div class=\"elementor-widget-container\">\n\t\t\t<div class=\"ekit-wid-con\" >\t\t<div class=\"ekit-btn-wraper\">\n\t\t\t\t\t\t\t<a href=\"https:\/\/ecuanegos.ec\/en\/contactos\/\" class=\"elementskit-btn  whitespace--normal\" id=\"\">\n\t\t\t\t\tContact Us \t\t\t\t<\/a>\n\t\t\t\t\t<\/div>\n        <\/div>\t\t<\/div>\n\t\t\t\t<\/div>\n\t\t\t\t\t<\/div>\n\t\t<\/div>\n\t\t\t\t\t<\/div>\n\t\t<\/section>\n\t\t\t\t<\/div>","protected":false},"excerpt":{"rendered":"<p>Enam\u00f3rate del para\u00edso del Pac\u00edfico El litoral ecuatoriano es un destino cautivador que combina playas impresionantes, biodiversidad marina y encanto cultural. Con sus hermosas costas, ofrece la oportunidad de relajarse [&hellip;]<\/p>","protected":false},"author":1,"featured_media":0,"parent":0,"menu_order":0,"comment_status":"closed","ping_status":"closed","template":"","meta":{"footnotes":""},"class_list":["post-23","page","type-page","status-publish","hentry"],"yoast_head":"<!-- This site is optimized with the Yoast SEO Premium plugin v23.4 (Yoast SEO v23.4) - https:\/\/yoast.com\/wordpress\/plugins\/seo\/ -->\n<title>Ecuanegos<\/title>\n<meta name=\"robots\" content=\"index, follow, max-snippet:-1, max-image-preview:large, max-video-preview:-1\" \/>\n<link rel=\"canonical\" href=\"https:\/\/ecuanegos.ec\/en\/costa\/\" \/>\n<meta property=\"og:locale\" content=\"en_US\" \/>\n<meta property=\"og:type\" content=\"article\" \/>\n<meta property=\"og:title\" content=\"Costa\" \/>\n<meta property=\"og:description\" content=\"Enam\u00f3rate del para\u00edso del Pac\u00edfico El litoral ecuatoriano es un destino cautivador que combina playas impresionantes, biodiversidad marina y encanto cultural. Con sus hermosas costas, ofrece la oportunidad de relajarse [&hellip;]\" \/>\n<meta property=\"og:url\" content=\"https:\/\/ecuanegos.ec\/en\/costa\/\" \/>\n<meta property=\"og:site_name\" content=\"Ecuanegos\" \/>\n<meta property=\"article:modified_time\" content=\"2024-10-21T03:49:39+00:00\" \/>\n<meta property=\"og:image\" content=\"https:\/\/ecuanegos.ec\/wp-content\/uploads\/2024\/10\/cerro-santa-ana-600x600.jpg\" \/>\n<meta name=\"twitter:card\" content=\"summary_large_image\" \/>\n<meta name=\"twitter:label1\" content=\"Est. reading time\" \/>\n\t<meta name=\"twitter:data1\" content=\"3 minutes\" \/>\n<script type=\"application\/ld+json\" class=\"yoast-schema-graph\">{\"@context\":\"https:\/\/schema.org\",\"@graph\":[{\"@type\":\"WebPage\",\"@id\":\"https:\/\/ecuanegos.ec\/costa\/\",\"url\":\"https:\/\/ecuanegos.ec\/costa\/\",\"name\":\"Ecuanegos\",\"isPartOf\":{\"@id\":\"https:\/\/ecuanegos.ec\/#website\"},\"primaryImageOfPage\":{\"@id\":\"https:\/\/ecuanegos.ec\/costa\/#primaryimage\"},\"image\":{\"@id\":\"https:\/\/ecuanegos.ec\/costa\/#primaryimage\"},\"thumbnailUrl\":\"https:\/\/ecuanegos.ec\/wp-content\/uploads\/2024\/10\/cerro-santa-ana-600x600.jpg\",\"datePublished\":\"2020-12-08T03:53:49+00:00\",\"dateModified\":\"2024-10-21T03:49:39+00:00\",\"breadcrumb\":{\"@id\":\"https:\/\/ecuanegos.ec\/costa\/#breadcrumb\"},\"inLanguage\":\"en-US\",\"potentialAction\":[{\"@type\":\"ReadAction\",\"target\":[\"https:\/\/ecuanegos.ec\/costa\/\"]}]},{\"@type\":\"ImageObject\",\"inLanguage\":\"en-US\",\"@id\":\"https:\/\/ecuanegos.ec\/costa\/#primaryimage\",\"url\":\"https:\/\/ecuanegos.ec\/wp-content\/uploads\/2024\/10\/cerro-santa-ana-600x600.jpg\",\"contentUrl\":\"https:\/\/ecuanegos.ec\/wp-content\/uploads\/2024\/10\/cerro-santa-ana-600x600.jpg\"},{\"@type\":\"BreadcrumbList\",\"@id\":\"https:\/\/ecuanegos.ec\/costa\/#breadcrumb\",\"itemListElement\":[{\"@type\":\"ListItem\",\"position\":1,\"name\":\"Portada\",\"item\":\"https:\/\/ecuanegos.ec\/\"},{\"@type\":\"ListItem\",\"position\":2,\"name\":\"Costa\"}]},{\"@type\":\"WebSite\",\"@id\":\"https:\/\/ecuanegos.ec\/#website\",\"url\":\"https:\/\/ecuanegos.ec\/\",\"name\":\"Ecuanegos\",\"description\":\"Turismo e inversi\u00f3n\",\"publisher\":{\"@id\":\"https:\/\/ecuanegos.ec\/#organization\"},\"potentialAction\":[{\"@type\":\"SearchAction\",\"target\":{\"@type\":\"EntryPoint\",\"urlTemplate\":\"https:\/\/ecuanegos.ec\/?s={search_term_string}\"},\"query-input\":{\"@type\":\"PropertyValueSpecification\",\"valueRequired\":true,\"valueName\":\"search_term_string\"}}],\"inLanguage\":\"en-US\"},{\"@type\":\"Organization\",\"@id\":\"https:\/\/ecuanegos.ec\/#organization\",\"name\":\"Ecuanegos\",\"url\":\"https:\/\/ecuanegos.ec\/\",\"logo\":{\"@type\":\"ImageObject\",\"inLanguage\":\"en-US\",\"@id\":\"https:\/\/ecuanegos.ec\/#\/schema\/logo\/image\/\",\"url\":\"https:\/\/ecuanegos.ec\/wp-content\/uploads\/2024\/10\/LOGO-WEB-1.png\",\"contentUrl\":\"https:\/\/ecuanegos.ec\/wp-content\/uploads\/2024\/10\/LOGO-WEB-1.png\",\"width\":512,\"height\":512,\"caption\":\"Ecuanegos\"},\"image\":{\"@id\":\"https:\/\/ecuanegos.ec\/#\/schema\/logo\/image\/\"}}]}<\/script>\n<!-- \/ Yoast SEO Premium plugin. -->","yoast_head_json":{"title":"Ecuanegos","robots":{"index":"index","follow":"follow","max-snippet":"max-snippet:-1","max-image-preview":"max-image-preview:large","max-video-preview":"max-video-preview:-1"},"canonical":"https:\/\/ecuanegos.ec\/en\/costa\/","og_locale":"en_US","og_type":"article","og_title":"Costa","og_description":"Enam\u00f3rate del para\u00edso del Pac\u00edfico El litoral ecuatoriano es un destino cautivador que combina playas impresionantes, biodiversidad marina y encanto cultural. Con sus hermosas costas, ofrece la oportunidad de relajarse [&hellip;]","og_url":"https:\/\/ecuanegos.ec\/en\/costa\/","og_site_name":"Ecuanegos","article_modified_time":"2024-10-21T03:49:39+00:00","og_image":[{"url":"https:\/\/ecuanegos.ec\/wp-content\/uploads\/2024\/10\/cerro-santa-ana-600x600.jpg"}],"twitter_card":"summary_large_image","twitter_misc":{"Est. reading time":"3 minutes"},"schema":{"@context":"https:\/\/schema.org","@graph":[{"@type":"WebPage","@id":"https:\/\/ecuanegos.ec\/costa\/","url":"https:\/\/ecuanegos.ec\/costa\/","name":"Ecuanegos","isPartOf":{"@id":"https:\/\/ecuanegos.ec\/#website"},"primaryImageOfPage":{"@id":"https:\/\/ecuanegos.ec\/costa\/#primaryimage"},"image":{"@id":"https:\/\/ecuanegos.ec\/costa\/#primaryimage"},"thumbnailUrl":"https:\/\/ecuanegos.ec\/wp-content\/uploads\/2024\/10\/cerro-santa-ana-600x600.jpg","datePublished":"2020-12-08T03:53:49+00:00","dateModified":"2024-10-21T03:49:39+00:00","breadcrumb":{"@id":"https:\/\/ecuanegos.ec\/costa\/#breadcrumb"},"inLanguage":"en-US","potentialAction":[{"@type":"ReadAction","target":["https:\/\/ecuanegos.ec\/costa\/"]}]},{"@type":"ImageObject","inLanguage":"en-US","@id":"https:\/\/ecuanegos.ec\/costa\/#primaryimage","url":"https:\/\/ecuanegos.ec\/wp-content\/uploads\/2024\/10\/cerro-santa-ana-600x600.jpg","contentUrl":"https:\/\/ecuanegos.ec\/wp-content\/uploads\/2024\/10\/cerro-santa-ana-600x600.jpg"},{"@type":"BreadcrumbList","@id":"https:\/\/ecuanegos.ec\/costa\/#breadcrumb","itemListElement":[{"@type":"ListItem","position":1,"name":"Portada","item":"https:\/\/ecuanegos.ec\/"},{"@type":"ListItem","position":2,"name":"Costa"}]},{"@type":"WebSite","@id":"https:\/\/ecuanegos.ec\/#website","url":"https:\/\/ecuanegos.ec\/","name":"Ecuanegos","description":"Turismo e inversi\u00f3n","publisher":{"@id":"https:\/\/ecuanegos.ec\/#organization"},"potentialAction":[{"@type":"SearchAction","target":{"@type":"EntryPoint","urlTemplate":"https:\/\/ecuanegos.ec\/?s={search_term_string}"},"query-input":{"@type":"PropertyValueSpecification","valueRequired":true,"valueName":"search_term_string"}}],"inLanguage":"en-US"},{"@type":"Organization","@id":"https:\/\/ecuanegos.ec\/#organization","name":"Ecuanegos","url":"https:\/\/ecuanegos.ec\/","logo":{"@type":"ImageObject","inLanguage":"en-US","@id":"https:\/\/ecuanegos.ec\/#\/schema\/logo\/image\/","url":"https:\/\/ecuanegos.ec\/wp-content\/uploads\/2024\/10\/LOGO-WEB-1.png","contentUrl":"https:\/\/ecuanegos.ec\/wp-content\/uploads\/2024\/10\/LOGO-WEB-1.png","width":512,"height":512,"caption":"Ecuanegos"},"image":{"@id":"https:\/\/ecuanegos.ec\/#\/schema\/logo\/image\/"}}]}},"_links":{"self":[{"href":"https:\/\/ecuanegos.ec\/en\/wp-json\/wp\/v2\/pages\/23","targetHints":{"allow":["GET"]}}],"collection":[{"href":"https:\/\/ecuanegos.ec\/en\/wp-json\/wp\/v2\/pages"}],"about":[{"href":"https:\/\/ecuanegos.ec\/en\/wp-json\/wp\/v2\/types\/page"}],"author":[{"embeddable":true,"href":"https:\/\/ecuanegos.ec\/en\/wp-json\/wp\/v2\/users\/1"}],"replies":[{"embeddable":true,"href":"https:\/\/ecuanegos.ec\/en\/wp-json\/wp\/v2\/comments?post=23"}],"version-history":[{"count":49,"href":"https:\/\/ecuanegos.ec\/en\/wp-json\/wp\/v2\/pages\/23\/revisions"}],"predecessor-version":[{"id":1482,"href":"https:\/\/ecuanegos.ec\/en\/wp-json\/wp\/v2\/pages\/23\/revisions\/1482"}],"wp:attachment":[{"href":"https:\/\/ecuanegos.ec\/en\/wp-json\/wp\/v2\/media?parent=23"}],"curies":[{"name":"wp","href":"https:\/\/api.w.org\/{rel}","templated":true}]}}