{"id":21,"date":"2020-12-08T03:53:12","date_gmt":"2020-12-08T03:53:12","guid":{"rendered":"https:\/\/gaviaspreview.com\/wp\/tevily\/?page_id=21"},"modified":"2024-10-20T05:52:13","modified_gmt":"2024-10-20T05:52:13","slug":"nosotros","status":"publish","type":"page","link":"https:\/\/ecuanegos.ec\/en\/nosotros\/","title":{"rendered":"Us"},"content":{"rendered":"<div data-elementor-type=\"wp-page\" data-elementor-id=\"21\" class=\"elementor elementor-21\" data-elementor-post-type=\"page\">\n\t\t\t\t\t\t<section class=\"elementor-section elementor-top-section elementor-element elementor-element-cfe9709 elementor-section-stretched elementor-section-boxed elementor-section-height-default elementor-section-height-default row-top\" data-id=\"cfe9709\" data-element_type=\"section\" data-settings=\"{&quot;stretch_section&quot;:&quot;section-stretched&quot;}\">\n\t\t\t\t\t\t<div class=\"elementor-container elementor-column-gap-narrow\">\n\t\t\t\t\t<div class=\"elementor-column elementor-col-100 elementor-top-column elementor-element elementor-element-b600727\" data-id=\"b600727\" data-element_type=\"column\">\n\t\t\t<div class=\"elementor-widget-wrap elementor-element-populated\">\n\t\t\t\t\t\t<div class=\"elementor-element elementor-element-d7d5439 elementor-widget elementor-widget-heading\" data-id=\"d7d5439\" data-element_type=\"widget\" data-settings=\"{&quot;ekit_we_effect_on&quot;:&quot;none&quot;}\" data-widget_type=\"heading.default\">\n\t\t\t\t<div class=\"elementor-widget-container\">\n\t\t\t<h2 class=\"elementor-heading-title elementor-size-default\">Who We Are<\/h2>\t\t<\/div>\n\t\t\t\t<\/div>\n\t\t\t\t<div class=\"elementor-element elementor-element-1c942a1 elementor-widget elementor-widget-text-editor\" data-id=\"1c942a1\" data-element_type=\"widget\" data-settings=\"{&quot;ekit_we_effect_on&quot;:&quot;none&quot;}\" data-widget_type=\"text-editor.default\">\n\t\t\t\t<div class=\"elementor-widget-container\">\n\t\t\t\t\t\t\t<p class=\"has-nv-dark-bg-color has-text-color\">For\u00a0<strong>ECUANEGOCIOS.EC<\/strong>\u00a0Ecuadorian tourism in recent times has experienced continuous growth and profound diversification, to become one of the fastest growing economic sectors in our country and around the world. Tourism in general marks a close relationship with development and every day new places increase in the preferences of tourists, this dynamism becomes the Ecuadorian and global economic engine, basically that is the trend that has been seen in recent years.<\/p><p class=\"has-nv-dark-bg-color has-text-color\">Tanto es el crecimiento de este negocio, que El turismo se ha convertido en uno de los principales actores del comercio internacional, y representa al mismo tiempo una de las principales fuentes de ingresos de numerosos pa\u00edses en desarrollo. Este crecimiento va de la mano del aumento de la diversificaci\u00f3n y de la competencia entre los destinos. \u200e La expansi\u00f3n general del turismo en los pa\u00edses industrializados y desarrollados ha sido beneficiosa, en t\u00e9rminos econ\u00f3micos y de empleo, para muchos sectores relacionados, desde la construcci\u00f3n de complejos, restaurantes, bares, etc.: hasta la agricultura o las telecomunicaciones. La contribuci\u00f3n del turismo al bienestar econ\u00f3mico depende de la calidad que brindemos y de las rentas que el turismo nos. De esta manera hacer de forma sostenible, en unos mercados nacionales e internacionales cada vez m\u00e1s complejos. El turismo ara de los pueblos en desarrollo pueden beneficiarse especialmente del turismo sostenible.\u00a0<\/p>\t\t\t\t\t\t<\/div>\n\t\t\t\t<\/div>\n\t\t\t\t\t<\/div>\n\t\t<\/div>\n\t\t\t\t\t<\/div>\n\t\t<\/section>\n\t\t\t\t<section class=\"elementor-section elementor-top-section elementor-element elementor-element-b14ccd3 elementor-section-stretched elementor-section-boxed elementor-section-height-default elementor-section-height-default row-top\" data-id=\"b14ccd3\" data-element_type=\"section\" data-settings=\"{&quot;background_background&quot;:&quot;classic&quot;,&quot;stretch_section&quot;:&quot;section-stretched&quot;}\">\n\t\t\t\t\t\t\t<div class=\"elementor-background-overlay\"><\/div>\n\t\t\t\t\t\t\t<div class=\"elementor-container elementor-column-gap-default\">\n\t\t\t\t\t<div class=\"elementor-column elementor-col-50 elementor-top-column elementor-element elementor-element-8d88d77\" data-id=\"8d88d77\" data-element_type=\"column\">\n\t\t\t<div class=\"elementor-widget-wrap elementor-element-populated\">\n\t\t\t\t\t\t<div class=\"elementor-element elementor-element-228e7a8 ekit-equal-height-disable elementor-widget elementor-widget-elementskit-icon-box\" data-id=\"228e7a8\" data-element_type=\"widget\" data-settings=\"{&quot;ekit_we_effect_on&quot;:&quot;none&quot;}\" data-widget_type=\"elementskit-icon-box.default\">\n\t\t\t\t<div class=\"elementor-widget-container\">\n\t\t\t<div class=\"ekit-wid-con\" >        <!-- link opening -->\n                <!-- end link opening -->\n\n        <div class=\"elementskit-infobox text-center text- icon-top-align elementor-animation-\">\n                    <div class=\"elementskit-box-header elementor-animation-\">\n                <div class=\"elementskit-info-box-icon\">\n                    <i aria-hidden=\"true\" class=\"elementkit-infobox-icon  flaticon-coronavirus\"><\/i>\n                <\/div>\n          <\/div>\n                        <div class=\"box-body\">\n                            <h3 class=\"elementskit-info-box-title\">\n                    Vision                <\/h3>\n                        \t\t  <p>Make ECUANEGOCIOS.EC a leading Company in Tourist Information and Investment Services within Ecuador in all its wonderful regions, provinces, cantons and parishes: under the belief that this is a mystical and unique country, of great natural and cultural wealth. , which wishes to show the world both its majesty and the hospitality offered by its people. Under this premise the service will be professional, technical and serious. Above all, it will be framed under the strictest environmental, tourist, ethical, legal and sustainable principles.\n\nWe work daily with a Vision in mind, \u201cPlace ECUANEGOCIOS.EC as a leading company in the Tourism and real estate market.<\/p>\n                                <\/div>\n        \n        \n                <\/div>\n        <\/div>\t\t<\/div>\n\t\t\t\t<\/div>\n\t\t\t\t\t<\/div>\n\t\t<\/div>\n\t\t\t\t<div class=\"elementor-column elementor-col-50 elementor-top-column elementor-element elementor-element-8450239\" data-id=\"8450239\" data-element_type=\"column\">\n\t\t\t<div class=\"elementor-widget-wrap elementor-element-populated\">\n\t\t\t\t\t\t<div class=\"elementor-element elementor-element-8abc65f ekit-equal-height-disable elementor-widget elementor-widget-elementskit-icon-box\" data-id=\"8abc65f\" data-element_type=\"widget\" data-settings=\"{&quot;ekit_we_effect_on&quot;:&quot;none&quot;}\" data-widget_type=\"elementskit-icon-box.default\">\n\t\t\t\t<div class=\"elementor-widget-container\">\n\t\t\t<div class=\"ekit-wid-con\" >        <!-- link opening -->\n                <!-- end link opening -->\n\n        <div class=\"elementskit-infobox text-center text- icon-top-align elementor-animation-\">\n                    <div class=\"elementskit-box-header elementor-animation-\">\n                <div class=\"elementskit-info-box-icon\">\n                    <i aria-hidden=\"true\" class=\"elementkit-infobox-icon  flaticon-landscape\"><\/i>\n                <\/div>\n          <\/div>\n                        <div class=\"box-body\">\n                            <h3 class=\"elementskit-info-box-title\">\n                    Mission                <\/h3>\n                        \t\t  <p>May ECUANEGOCIOS.EC be a serious and reliable Portal in Tourism and Investment information, a leader at a national and international level, characterized by the responsible representativeness of the information published, as well as by the quality and efficiency of its work. Establishing a harmony between environmental conservation and tourism development within a sustainable framework that at the same time helps the community. Our best letter of introduction will be the trust placed by our visitors, because they will be our judges. Experience in the tourism and investment area are essential factors to provide a degree of Total Quality in our services.<\/p>\n                                <\/div>\n        \n        \n                <\/div>\n        <\/div>\t\t<\/div>\n\t\t\t\t<\/div>\n\t\t\t\t\t<\/div>\n\t\t<\/div>\n\t\t\t\t\t<\/div>\n\t\t<\/section>\n\t\t\t\t<section class=\"elementor-section elementor-top-section elementor-element elementor-element-d07aa4d elementor-section-stretched elementor-section-boxed elementor-section-height-default elementor-section-height-default row-top\" data-id=\"d07aa4d\" data-element_type=\"section\" data-settings=\"{&quot;stretch_section&quot;:&quot;section-stretched&quot;}\">\n\t\t\t\t\t\t<div class=\"elementor-container elementor-column-gap-default\">\n\t\t\t\t\t<div class=\"elementor-column elementor-col-100 elementor-top-column elementor-element elementor-element-f45917e\" data-id=\"f45917e\" data-element_type=\"column\" data-settings=\"{&quot;background_background&quot;:&quot;classic&quot;}\">\n\t\t\t<div class=\"elementor-widget-wrap elementor-element-populated\">\n\t\t\t\t\t\t<section class=\"elementor-section elementor-inner-section elementor-element elementor-element-e271598 elementor-section-boxed elementor-section-height-default elementor-section-height-default row-top\" data-id=\"e271598\" data-element_type=\"section\">\n\t\t\t\t\t\t<div class=\"elementor-container elementor-column-gap-default\">\n\t\t\t\t\t<div class=\"elementor-column elementor-col-25 elementor-inner-column elementor-element elementor-element-c2fde7a\" data-id=\"c2fde7a\" data-element_type=\"column\">\n\t\t\t<div class=\"elementor-widget-wrap elementor-element-populated\">\n\t\t\t\t\t\t<div class=\"elementor-element elementor-element-3339dc2 elementor-widget elementor-widget-gva-counter\" data-id=\"3339dc2\" data-element_type=\"widget\" data-settings=\"{&quot;ekit_we_effect_on&quot;:&quot;none&quot;}\" data-widget_type=\"gva-counter.default\">\n\t\t\t\t<div class=\"elementor-widget-container\">\n\t\t\t<div class=\"gva-element-gva-counter gva-element\">\r\n         <div class=\"widget milestone-block style-1\">\r\n         <div class=\"box-content\">\r\n            \r\n            <div class=\"milestone-content\">\r\n               <div class=\"milestone-number-inner\">\r\n                  <span class=\"symbol before\">+<\/span>                  <span class=\"milestone-number\">200<\/span>\r\n                                 <\/div>\r\n                                 <div class=\"milestone-text\">\r\n                      Tourist places                  <\/div>\r\n                           <\/div>\r\n            \r\n            \r\n         <\/div>   \r\n      <\/div> \r\n   \r\n<\/div>\t\t<\/div>\n\t\t\t\t<\/div>\n\t\t\t\t\t<\/div>\n\t\t<\/div>\n\t\t\t\t<div class=\"elementor-column elementor-col-25 elementor-inner-column elementor-element elementor-element-cee5b07\" data-id=\"cee5b07\" data-element_type=\"column\">\n\t\t\t<div class=\"elementor-widget-wrap elementor-element-populated\">\n\t\t\t\t\t\t<div class=\"elementor-element elementor-element-9e21c4c elementor-widget elementor-widget-gva-counter\" data-id=\"9e21c4c\" data-element_type=\"widget\" data-settings=\"{&quot;ekit_we_effect_on&quot;:&quot;none&quot;}\" data-widget_type=\"gva-counter.default\">\n\t\t\t\t<div class=\"elementor-widget-container\">\n\t\t\t<div class=\"gva-element-gva-counter gva-element\">\r\n         <div class=\"widget milestone-block style-1\">\r\n         <div class=\"box-content\">\r\n            \r\n            <div class=\"milestone-content\">\r\n               <div class=\"milestone-number-inner\">\r\n                  <span class=\"symbol before\">+<\/span>                  <span class=\"milestone-number\">50<\/span>\r\n                                 <\/div>\r\n                                 <div class=\"milestone-text\">\r\n                      Tourist Developments                  <\/div>\r\n                           <\/div>\r\n            \r\n            \r\n         <\/div>   \r\n      <\/div> \r\n   \r\n<\/div>\t\t<\/div>\n\t\t\t\t<\/div>\n\t\t\t\t\t<\/div>\n\t\t<\/div>\n\t\t\t\t<div class=\"elementor-column elementor-col-25 elementor-inner-column elementor-element elementor-element-4ffbfe3\" data-id=\"4ffbfe3\" data-element_type=\"column\">\n\t\t\t<div class=\"elementor-widget-wrap elementor-element-populated\">\n\t\t\t\t\t\t<div class=\"elementor-element elementor-element-9b77589 elementor-widget elementor-widget-gva-counter\" data-id=\"9b77589\" data-element_type=\"widget\" data-settings=\"{&quot;ekit_we_effect_on&quot;:&quot;none&quot;}\" data-widget_type=\"gva-counter.default\">\n\t\t\t\t<div class=\"elementor-widget-container\">\n\t\t\t<div class=\"gva-element-gva-counter gva-element\">\r\n         <div class=\"widget milestone-block style-1\">\r\n         <div class=\"box-content\">\r\n            \r\n            <div class=\"milestone-content\">\r\n               <div class=\"milestone-number-inner\">\r\n                  <span class=\"symbol before\">+<\/span>                  <span class=\"milestone-number\">100<\/span>\r\n                                 <\/div>\r\n                                 <div class=\"milestone-text\">\r\n                      Happy Customers                  <\/div>\r\n                           <\/div>\r\n            \r\n            \r\n         <\/div>   \r\n      <\/div> \r\n   \r\n<\/div>\t\t<\/div>\n\t\t\t\t<\/div>\n\t\t\t\t\t<\/div>\n\t\t<\/div>\n\t\t\t\t<div class=\"elementor-column elementor-col-25 elementor-inner-column elementor-element elementor-element-63fe7d6\" data-id=\"63fe7d6\" data-element_type=\"column\">\n\t\t\t<div class=\"elementor-widget-wrap elementor-element-populated\">\n\t\t\t\t\t\t<div class=\"elementor-element elementor-element-9baf04c elementor-widget elementor-widget-gva-counter\" data-id=\"9baf04c\" data-element_type=\"widget\" data-settings=\"{&quot;ekit_we_effect_on&quot;:&quot;none&quot;}\" data-widget_type=\"gva-counter.default\">\n\t\t\t\t<div class=\"elementor-widget-container\">\n\t\t\t<div class=\"gva-element-gva-counter gva-element\">\r\n         <div class=\"widget milestone-block style-1\">\r\n         <div class=\"box-content\">\r\n            \r\n            <div class=\"milestone-content\">\r\n               <div class=\"milestone-number-inner\">\r\n                  <span class=\"symbol before\">+<\/span>                  <span class=\"milestone-number\">50<\/span>\r\n                                 <\/div>\r\n                                 <div class=\"milestone-text\">\r\n                      Projects to carry out                  <\/div>\r\n                           <\/div>\r\n            \r\n            \r\n         <\/div>   \r\n      <\/div> \r\n   \r\n<\/div>\t\t<\/div>\n\t\t\t\t<\/div>\n\t\t\t\t\t<\/div>\n\t\t<\/div>\n\t\t\t\t\t<\/div>\n\t\t<\/section>\n\t\t\t\t\t<\/div>\n\t\t<\/div>\n\t\t\t\t\t<\/div>\n\t\t<\/section>\n\t\t\t\t<section class=\"elementor-section elementor-top-section elementor-element elementor-element-1664fb4 elementor-section-stretched elementor-section-boxed elementor-section-height-default elementor-section-height-default row-top\" data-id=\"1664fb4\" data-element_type=\"section\" data-settings=\"{&quot;stretch_section&quot;:&quot;section-stretched&quot;}\">\n\t\t\t\t\t\t<div class=\"elementor-container elementor-column-gap-default\">\n\t\t\t\t\t<div class=\"elementor-column elementor-col-100 elementor-top-column elementor-element elementor-element-ccbfe53\" data-id=\"ccbfe53\" data-element_type=\"column\">\n\t\t\t<div class=\"elementor-widget-wrap elementor-element-populated\">\n\t\t\t\t\t\t<div class=\"elementor-element elementor-element-314eddd elementor-widget elementor-widget-gva-heading-block\" data-id=\"314eddd\" data-element_type=\"widget\" data-settings=\"{&quot;ekit_we_effect_on&quot;:&quot;none&quot;}\" data-widget_type=\"gva-heading-block.default\">\n\t\t\t\t<div class=\"elementor-widget-container\">\n\t\t\t<div class=\"gva-element-gva-heading-block gva-element\">   <div class=\"align-center style-1 widget gsc-heading box-align-left auto-responsive\">\r\n      <div class=\"content-inner\">\r\n         \r\n                  \r\n           \r\n         \r\n                     <h2 class=\"title\">\r\n               <span>General Objectives<\/span>\r\n            <\/h2>\r\n                  \r\n         \r\n      <\/div>\r\n   <\/div>\r\n<\/div>\t\t<\/div>\n\t\t\t\t<\/div>\n\t\t\t\t<div class=\"elementor-element elementor-element-cefc55f elementor-widget elementor-widget-text-editor\" data-id=\"cefc55f\" data-element_type=\"widget\" data-settings=\"{&quot;ekit_we_effect_on&quot;:&quot;none&quot;}\" data-widget_type=\"text-editor.default\">\n\t\t\t\t<div class=\"elementor-widget-container\">\n\t\t\t\t\t\t\t<p class=\"has-nv-dark-bg-color has-text-color\"><strong>ECUANEGOCIOS.EC<\/strong>\u00a0We are a new private Portal, made up of specialists in the tourism, environmental and Investment areas, whose objective is to publicize the wonderful places of Ecuador, its lands, products, typical foods and mainly its friendly people with unique cultures and customs. . Offering economically viable information to the growing tourism market, and giving clear and concrete information tools to potential investors that will be very useful to them, if their desire is to invest or change their place of residence, by always having real and concrete information. Our serious and professional work will allow us to achieve the fulfillment and optimization of our objectives.<\/p>\t\t\t\t\t\t<\/div>\n\t\t\t\t<\/div>\n\t\t\t\t\t<\/div>\n\t\t<\/div>\n\t\t\t\t\t<\/div>\n\t\t<\/section>\n\t\t\t\t<section class=\"elementor-section elementor-top-section elementor-element elementor-element-b74e401 bg-row-theme elementor-section-stretched elementor-section-boxed elementor-section-height-default elementor-section-height-default row-top\" data-id=\"b74e401\" data-element_type=\"section\" data-settings=\"{&quot;background_background&quot;:&quot;classic&quot;,&quot;stretch_section&quot;:&quot;section-stretched&quot;}\">\n\t\t\t\t\t\t<div class=\"elementor-container elementor-column-gap-default\">\n\t\t\t\t\t<div class=\"elementor-column elementor-col-50 elementor-top-column elementor-element elementor-element-8bfc06c\" data-id=\"8bfc06c\" data-element_type=\"column\">\n\t\t\t<div class=\"elementor-widget-wrap elementor-element-populated\">\n\t\t\t\t\t\t<div class=\"elementor-element elementor-element-c3d005f elementor-widget elementor-widget-gva-heading-block\" data-id=\"c3d005f\" data-element_type=\"widget\" data-settings=\"{&quot;ekit_we_effect_on&quot;:&quot;none&quot;}\" data-widget_type=\"gva-heading-block.default\">\n\t\t\t\t<div class=\"elementor-widget-container\">\n\t\t\t<div class=\"gva-element-gva-heading-block gva-element\">   <div class=\"align-left style-1 widget gsc-heading box-align-left auto-responsive\">\r\n      <div class=\"content-inner\">\r\n         \r\n                  \r\n           \r\n         \r\n                     <h2 class=\"title\">\r\n               <span>Let's plan your next adventure<\/span>\r\n            <\/h2>\r\n                  \r\n         \r\n      <\/div>\r\n   <\/div>\r\n<\/div>\t\t<\/div>\n\t\t\t\t<\/div>\n\t\t\t\t\t<\/div>\n\t\t<\/div>\n\t\t\t\t<div class=\"elementor-column elementor-col-50 elementor-top-column elementor-element elementor-element-7263e67\" data-id=\"7263e67\" data-element_type=\"column\">\n\t\t\t<div class=\"elementor-widget-wrap elementor-element-populated\">\n\t\t\t\t\t\t<div class=\"elementor-element elementor-element-81b5fbf elementor-widget elementor-widget-elementskit-button\" data-id=\"81b5fbf\" data-element_type=\"widget\" data-settings=\"{&quot;ekit_we_effect_on&quot;:&quot;none&quot;}\" data-widget_type=\"elementskit-button.default\">\n\t\t\t\t<div class=\"elementor-widget-container\">\n\t\t\t<div class=\"ekit-wid-con\" >\t\t<div class=\"ekit-btn-wraper\">\n\t\t\t\t\t\t\t<a href=\"https:\/\/ecuanegos.ec\/en\/contactos\/\" class=\"elementskit-btn  whitespace--normal\" id=\"\">\n\t\t\t\t\tContact Us \t\t\t\t<\/a>\n\t\t\t\t\t<\/div>\n        <\/div>\t\t<\/div>\n\t\t\t\t<\/div>\n\t\t\t\t\t<\/div>\n\t\t<\/div>\n\t\t\t\t\t<\/div>\n\t\t<\/section>\n\t\t\t\t<\/div>","protected":false},"excerpt":{"rendered":"<p>Quienes Somos Para\u00a0ECUANEGOCIOS.EC\u00a0El turismo ecuatoriano en los \u00faltimos tiempos ha experimentado un continuo crecimiento y una profunda diversificaci\u00f3n, para convertirse en uno de los sectores econ\u00f3micos que crecen con mayor [&hellip;]<\/p>","protected":false},"author":1,"featured_media":0,"parent":0,"menu_order":0,"comment_status":"closed","ping_status":"closed","template":"","meta":{"footnotes":""},"class_list":["post-21","page","type-page","status-publish","hentry"],"yoast_head":"<!-- This site is optimized with the Yoast SEO Premium plugin v23.4 (Yoast SEO v23.4) - https:\/\/yoast.com\/wordpress\/plugins\/seo\/ -->\n<title>Ecuanegos<\/title>\n<meta name=\"robots\" content=\"index, follow, max-snippet:-1, max-image-preview:large, max-video-preview:-1\" \/>\n<link rel=\"canonical\" href=\"https:\/\/ecuanegos.ec\/en\/nosotros\/\" \/>\n<meta property=\"og:locale\" content=\"en_US\" \/>\n<meta property=\"og:type\" content=\"article\" \/>\n<meta property=\"og:title\" content=\"Nosotros\" \/>\n<meta property=\"og:description\" content=\"Quienes Somos Para\u00a0ECUANEGOCIOS.EC\u00a0El turismo ecuatoriano en los \u00faltimos tiempos ha experimentado un continuo crecimiento y una profunda diversificaci\u00f3n, para convertirse en uno de los sectores econ\u00f3micos que crecen con mayor [&hellip;]\" \/>\n<meta property=\"og:url\" content=\"https:\/\/ecuanegos.ec\/en\/nosotros\/\" \/>\n<meta property=\"og:site_name\" content=\"Ecuanegos\" \/>\n<meta property=\"article:modified_time\" content=\"2024-10-20T05:52:13+00:00\" \/>\n<meta name=\"twitter:card\" content=\"summary_large_image\" \/>\n<meta name=\"twitter:label1\" content=\"Est. reading time\" \/>\n\t<meta name=\"twitter:data1\" content=\"3 minutes\" \/>\n<script type=\"application\/ld+json\" class=\"yoast-schema-graph\">{\"@context\":\"https:\/\/schema.org\",\"@graph\":[{\"@type\":\"WebPage\",\"@id\":\"https:\/\/ecuanegos.ec\/nosotros\/\",\"url\":\"https:\/\/ecuanegos.ec\/nosotros\/\",\"name\":\"Ecuanegos\",\"isPartOf\":{\"@id\":\"https:\/\/ecuanegos.ec\/#website\"},\"datePublished\":\"2020-12-08T03:53:12+00:00\",\"dateModified\":\"2024-10-20T05:52:13+00:00\",\"breadcrumb\":{\"@id\":\"https:\/\/ecuanegos.ec\/nosotros\/#breadcrumb\"},\"inLanguage\":\"en-US\",\"potentialAction\":[{\"@type\":\"ReadAction\",\"target\":[\"https:\/\/ecuanegos.ec\/nosotros\/\"]}]},{\"@type\":\"BreadcrumbList\",\"@id\":\"https:\/\/ecuanegos.ec\/nosotros\/#breadcrumb\",\"itemListElement\":[{\"@type\":\"ListItem\",\"position\":1,\"name\":\"Portada\",\"item\":\"https:\/\/ecuanegos.ec\/\"},{\"@type\":\"ListItem\",\"position\":2,\"name\":\"Nosotros\"}]},{\"@type\":\"WebSite\",\"@id\":\"https:\/\/ecuanegos.ec\/#website\",\"url\":\"https:\/\/ecuanegos.ec\/\",\"name\":\"Ecuanegos\",\"description\":\"Turismo e inversi\u00f3n\",\"publisher\":{\"@id\":\"https:\/\/ecuanegos.ec\/#organization\"},\"potentialAction\":[{\"@type\":\"SearchAction\",\"target\":{\"@type\":\"EntryPoint\",\"urlTemplate\":\"https:\/\/ecuanegos.ec\/?s={search_term_string}\"},\"query-input\":{\"@type\":\"PropertyValueSpecification\",\"valueRequired\":true,\"valueName\":\"search_term_string\"}}],\"inLanguage\":\"en-US\"},{\"@type\":\"Organization\",\"@id\":\"https:\/\/ecuanegos.ec\/#organization\",\"name\":\"Ecuanegos\",\"url\":\"https:\/\/ecuanegos.ec\/\",\"logo\":{\"@type\":\"ImageObject\",\"inLanguage\":\"en-US\",\"@id\":\"https:\/\/ecuanegos.ec\/#\/schema\/logo\/image\/\",\"url\":\"https:\/\/ecuanegos.ec\/wp-content\/uploads\/2024\/10\/LOGO-WEB-1.png\",\"contentUrl\":\"https:\/\/ecuanegos.ec\/wp-content\/uploads\/2024\/10\/LOGO-WEB-1.png\",\"width\":512,\"height\":512,\"caption\":\"Ecuanegos\"},\"image\":{\"@id\":\"https:\/\/ecuanegos.ec\/#\/schema\/logo\/image\/\"}}]}<\/script>\n<!-- \/ Yoast SEO Premium plugin. -->","yoast_head_json":{"title":"Ecuanegos","robots":{"index":"index","follow":"follow","max-snippet":"max-snippet:-1","max-image-preview":"max-image-preview:large","max-video-preview":"max-video-preview:-1"},"canonical":"https:\/\/ecuanegos.ec\/en\/nosotros\/","og_locale":"en_US","og_type":"article","og_title":"Nosotros","og_description":"Quienes Somos Para\u00a0ECUANEGOCIOS.EC\u00a0El turismo ecuatoriano en los \u00faltimos tiempos ha experimentado un continuo crecimiento y una profunda diversificaci\u00f3n, para convertirse en uno de los sectores econ\u00f3micos que crecen con mayor [&hellip;]","og_url":"https:\/\/ecuanegos.ec\/en\/nosotros\/","og_site_name":"Ecuanegos","article_modified_time":"2024-10-20T05:52:13+00:00","twitter_card":"summary_large_image","twitter_misc":{"Est. reading time":"3 minutes"},"schema":{"@context":"https:\/\/schema.org","@graph":[{"@type":"WebPage","@id":"https:\/\/ecuanegos.ec\/nosotros\/","url":"https:\/\/ecuanegos.ec\/nosotros\/","name":"Ecuanegos","isPartOf":{"@id":"https:\/\/ecuanegos.ec\/#website"},"datePublished":"2020-12-08T03:53:12+00:00","dateModified":"2024-10-20T05:52:13+00:00","breadcrumb":{"@id":"https:\/\/ecuanegos.ec\/nosotros\/#breadcrumb"},"inLanguage":"en-US","potentialAction":[{"@type":"ReadAction","target":["https:\/\/ecuanegos.ec\/nosotros\/"]}]},{"@type":"BreadcrumbList","@id":"https:\/\/ecuanegos.ec\/nosotros\/#breadcrumb","itemListElement":[{"@type":"ListItem","position":1,"name":"Portada","item":"https:\/\/ecuanegos.ec\/"},{"@type":"ListItem","position":2,"name":"Nosotros"}]},{"@type":"WebSite","@id":"https:\/\/ecuanegos.ec\/#website","url":"https:\/\/ecuanegos.ec\/","name":"Ecuanegos","description":"Turismo e inversi\u00f3n","publisher":{"@id":"https:\/\/ecuanegos.ec\/#organization"},"potentialAction":[{"@type":"SearchAction","target":{"@type":"EntryPoint","urlTemplate":"https:\/\/ecuanegos.ec\/?s={search_term_string}"},"query-input":{"@type":"PropertyValueSpecification","valueRequired":true,"valueName":"search_term_string"}}],"inLanguage":"en-US"},{"@type":"Organization","@id":"https:\/\/ecuanegos.ec\/#organization","name":"Ecuanegos","url":"https:\/\/ecuanegos.ec\/","logo":{"@type":"ImageObject","inLanguage":"en-US","@id":"https:\/\/ecuanegos.ec\/#\/schema\/logo\/image\/","url":"https:\/\/ecuanegos.ec\/wp-content\/uploads\/2024\/10\/LOGO-WEB-1.png","contentUrl":"https:\/\/ecuanegos.ec\/wp-content\/uploads\/2024\/10\/LOGO-WEB-1.png","width":512,"height":512,"caption":"Ecuanegos"},"image":{"@id":"https:\/\/ecuanegos.ec\/#\/schema\/logo\/image\/"}}]}},"_links":{"self":[{"href":"https:\/\/ecuanegos.ec\/en\/wp-json\/wp\/v2\/pages\/21","targetHints":{"allow":["GET"]}}],"collection":[{"href":"https:\/\/ecuanegos.ec\/en\/wp-json\/wp\/v2\/pages"}],"about":[{"href":"https:\/\/ecuanegos.ec\/en\/wp-json\/wp\/v2\/types\/page"}],"author":[{"embeddable":true,"href":"https:\/\/ecuanegos.ec\/en\/wp-json\/wp\/v2\/users\/1"}],"replies":[{"embeddable":true,"href":"https:\/\/ecuanegos.ec\/en\/wp-json\/wp\/v2\/comments?post=21"}],"version-history":[{"count":40,"href":"https:\/\/ecuanegos.ec\/en\/wp-json\/wp\/v2\/pages\/21\/revisions"}],"predecessor-version":[{"id":1379,"href":"https:\/\/ecuanegos.ec\/en\/wp-json\/wp\/v2\/pages\/21\/revisions\/1379"}],"wp:attachment":[{"href":"https:\/\/ecuanegos.ec\/en\/wp-json\/wp\/v2\/media?parent=21"}],"curies":[{"name":"wp","href":"https:\/\/api.w.org\/{rel}","templated":true}]}}