{"id":1553,"date":"2024-10-21T04:33:59","date_gmt":"2024-10-21T04:33:59","guid":{"rendered":"https:\/\/ecuanegos.ec\/?page_id=1553"},"modified":"2024-10-21T04:44:19","modified_gmt":"2024-10-21T04:44:19","slug":"galapagos","status":"publish","type":"page","link":"https:\/\/ecuanegos.ec\/en\/galapagos\/","title":{"rendered":"Galapagos"},"content":{"rendered":"<div data-elementor-type=\"wp-page\" data-elementor-id=\"1553\" class=\"elementor elementor-1553\" data-elementor-post-type=\"page\">\n\t\t\t\t\t\t<section class=\"elementor-section elementor-top-section elementor-element elementor-element-7e9c1af9 elementor-section-stretched elementor-section-boxed elementor-section-height-default elementor-section-height-default row-top\" data-id=\"7e9c1af9\" data-element_type=\"section\" data-settings=\"{&quot;stretch_section&quot;:&quot;section-stretched&quot;}\">\n\t\t\t\t\t\t<div class=\"elementor-container elementor-column-gap-default\">\n\t\t\t\t\t<div class=\"elementor-column elementor-col-100 elementor-top-column elementor-element elementor-element-27c9e840\" data-id=\"27c9e840\" data-element_type=\"column\">\n\t\t\t<div class=\"elementor-widget-wrap elementor-element-populated\">\n\t\t\t\t\t\t<div class=\"elementor-element elementor-element-9dd8d7b elementor-widget elementor-widget-heading\" data-id=\"9dd8d7b\" data-element_type=\"widget\" data-settings=\"{&quot;ekit_we_effect_on&quot;:&quot;none&quot;}\" data-widget_type=\"heading.default\">\n\t\t\t\t<div class=\"elementor-widget-container\">\n\t\t\t<h2 class=\"elementor-heading-title elementor-size-default\">Immerse yourself in the most precious corner of Nature<\/h2>\t\t<\/div>\n\t\t\t\t<\/div>\n\t\t\t\t<div class=\"elementor-element elementor-element-72bc75f elementor-widget elementor-widget-text-editor\" data-id=\"72bc75f\" data-element_type=\"widget\" data-settings=\"{&quot;ekit_we_effect_on&quot;:&quot;none&quot;}\" data-widget_type=\"text-editor.default\">\n\t\t\t\t<div class=\"elementor-widget-container\">\n\t\t\t\t\t\t\t<p>Discover the Galapagos Islands! A unique natural treasure in the world, located 1000 km from the coast of Ecuador. Known for their biodiversity and their connection to the theory of evolution, these volcanic islands are a World Heritage Site. Follow in the footsteps of Charles Darwin, who after visiting them in 1835 developed his theory. Immerse yourself in crystal-clear waters, explore nature trails and marvel at marine life. Galapagos offers you diving, snorkeling, wildlife watching and visits to turtle breeding centers. Add this unique experience with fascinating landscapes to your list!<\/p>\t\t\t\t\t\t<\/div>\n\t\t\t\t<\/div>\n\t\t\t\t<div class=\"elementor-element elementor-element-63700fe5 elementor-widget elementor-widget-gva-gallery\" data-id=\"63700fe5\" data-element_type=\"widget\" data-settings=\"{&quot;ekit_we_effect_on&quot;:&quot;none&quot;}\" data-widget_type=\"gva-gallery.default\">\n\t\t\t\t<div class=\"elementor-widget-container\">\n\t\t\t<div class=\"gva-element-gva-gallery gva-element\">  \r\n  \t<div class=\"gva-gallery-grid clearfix\">\r\n\t\t<div class=\"gva-content-items\"> \r\n\t\t  \t<div class=\"lg-block-grid-3 md-block-grid-3 sm-block-grid-3 xs-block-grid-2 xx-block-grid-2\">\r\n\t\t\t \t<div class=\"item\">\r\n<div class=\"gallery-item\">\r\n\r\n               <div class=\"image\">\r\n            <img decoding=\"async\" src=\"https:\/\/ecuanegos.ec\/wp-content\/uploads\/2024\/10\/1f351a50-3d7f-453a-af73-89df48f3df8b-1-600x600.jpg\" alt=\"Le\u00f3n Dormido - Kicker Rock\" \/>  \r\n         <\/div>\r\n         <a class=\"photo-gallery\" href=\"https:\/\/ecuanegos.ec\/wp-content\/uploads\/2024\/10\/1f351a50-3d7f-453a-af73-89df48f3df8b-1.jpg\" data-elementor-lightbox-slideshow=\"gallery-nsum\"><\/a>\r\n      \r\n      <div class=\"image-content\">\r\n         <div class=\"content-inner\">\r\n                           <h3 class=\"title\">Le\u00f3n Dormido - Kicker Rock<\/h3>\r\n                                       <div class=\"sub-title\">Isla San Cristobal<\/div>\r\n                     <\/div>   \r\n      <\/div>\r\n\r\n   <\/div>\r\n<\/div><div class=\"item\">\r\n<div class=\"gallery-item\">\r\n\r\n               <div class=\"image\">\r\n            <img decoding=\"async\" src=\"https:\/\/ecuanegos.ec\/wp-content\/uploads\/2024\/10\/1c36ca48-c631-47f7-9b41-d8456b71d9e2-600x600.jpg\" alt=\"Playa de Puerto Chino\" \/>  \r\n         <\/div>\r\n         <a class=\"photo-gallery\" href=\"https:\/\/ecuanegos.ec\/wp-content\/uploads\/2024\/10\/1c36ca48-c631-47f7-9b41-d8456b71d9e2.jpg\" data-elementor-lightbox-slideshow=\"gallery-nsum\"><\/a>\r\n      \r\n      <div class=\"image-content\">\r\n         <div class=\"content-inner\">\r\n                           <h3 class=\"title\">Playa de Puerto Chino<\/h3>\r\n                                       <div class=\"sub-title\">Isla San Cristobal<\/div>\r\n                     <\/div>   \r\n      <\/div>\r\n\r\n   <\/div>\r\n<\/div><div class=\"item\">\r\n<div class=\"gallery-item\">\r\n\r\n               <div class=\"image\">\r\n            <img decoding=\"async\" src=\"https:\/\/ecuanegos.ec\/wp-content\/uploads\/2024\/10\/3a0f1e80-0280-4e7b-b6a0-f9a25006d506-600x585.jpg\" alt=\"Playa Cerro Brujo\" \/>  \r\n         <\/div>\r\n         <a class=\"photo-gallery\" href=\"https:\/\/ecuanegos.ec\/wp-content\/uploads\/2024\/10\/3a0f1e80-0280-4e7b-b6a0-f9a25006d506.jpg\" data-elementor-lightbox-slideshow=\"gallery-nsum\"><\/a>\r\n      \r\n      <div class=\"image-content\">\r\n         <div class=\"content-inner\">\r\n                           <h3 class=\"title\">Playa Cerro Brujo<\/h3>\r\n                                       <div class=\"sub-title\">Isla San Cristobal<\/div>\r\n                     <\/div>   \r\n      <\/div>\r\n\r\n   <\/div>\r\n<\/div><div class=\"item\">\r\n<div class=\"gallery-item\">\r\n\r\n               <div class=\"image\">\r\n            <img decoding=\"async\" src=\"https:\/\/ecuanegos.ec\/wp-content\/uploads\/2024\/10\/14c0f2b3-62ce-4482-b641-856a0dc289f0-600x600.jpg\" alt=\"Bah\u00eda Tortuga\" \/>  \r\n         <\/div>\r\n         <a class=\"photo-gallery\" href=\"https:\/\/ecuanegos.ec\/wp-content\/uploads\/2024\/10\/14c0f2b3-62ce-4482-b641-856a0dc289f0.jpg\" data-elementor-lightbox-slideshow=\"gallery-nsum\"><\/a>\r\n      \r\n      <div class=\"image-content\">\r\n         <div class=\"content-inner\">\r\n                           <h3 class=\"title\">Bah\u00eda Tortuga<\/h3>\r\n                                       <div class=\"sub-title\">Isla Santa Cruz<\/div>\r\n                     <\/div>   \r\n      <\/div>\r\n\r\n   <\/div>\r\n<\/div><div class=\"item\">\r\n<div class=\"gallery-item\">\r\n\r\n               <div class=\"image\">\r\n            <img decoding=\"async\" src=\"https:\/\/ecuanegos.ec\/wp-content\/uploads\/2024\/10\/26578031-280b-4c44-8cdf-7076f2aa9510-600x600.jpg\" alt=\"Reserva El Chato\" \/>  \r\n         <\/div>\r\n         <a class=\"photo-gallery\" href=\"https:\/\/ecuanegos.ec\/wp-content\/uploads\/2024\/10\/26578031-280b-4c44-8cdf-7076f2aa9510.jpg\" data-elementor-lightbox-slideshow=\"gallery-nsum\"><\/a>\r\n      \r\n      <div class=\"image-content\">\r\n         <div class=\"content-inner\">\r\n                           <h3 class=\"title\">Reserva El Chato<\/h3>\r\n                                       <div class=\"sub-title\">Isla Santa Cruz<\/div>\r\n                     <\/div>   \r\n      <\/div>\r\n\r\n   <\/div>\r\n<\/div><div class=\"item\">\r\n<div class=\"gallery-item\">\r\n\r\n               <div class=\"image\">\r\n            <img decoding=\"async\" src=\"https:\/\/ecuanegos.ec\/wp-content\/uploads\/2024\/10\/489a7ad5-28b9-44ba-bcf4-ed29ba0b2e40-600x600.jpg\" alt=\"Ruta de las Tortugas \" \/>  \r\n         <\/div>\r\n         <a class=\"photo-gallery\" href=\"https:\/\/ecuanegos.ec\/wp-content\/uploads\/2024\/10\/489a7ad5-28b9-44ba-bcf4-ed29ba0b2e40.jpg\" data-elementor-lightbox-slideshow=\"gallery-nsum\"><\/a>\r\n      \r\n      <div class=\"image-content\">\r\n         <div class=\"content-inner\">\r\n                           <h3 class=\"title\">Ruta de las Tortugas <\/h3>\r\n                                       <div class=\"sub-title\">Isla Santa Cruz<\/div>\r\n                     <\/div>   \r\n      <\/div>\r\n\r\n   <\/div>\r\n<\/div><div class=\"item\">\r\n<div class=\"gallery-item\">\r\n\r\n               <div class=\"image\">\r\n            <img decoding=\"async\" src=\"https:\/\/ecuanegos.ec\/wp-content\/uploads\/2024\/10\/883da8cc-670c-47c5-92b6-4dbfa2783d6b-600x600.jpg\" alt=\"Playa Puerto Villamil \" \/>  \r\n         <\/div>\r\n         <a class=\"photo-gallery\" href=\"https:\/\/ecuanegos.ec\/wp-content\/uploads\/2024\/10\/883da8cc-670c-47c5-92b6-4dbfa2783d6b.jpg\" data-elementor-lightbox-slideshow=\"gallery-nsum\"><\/a>\r\n      \r\n      <div class=\"image-content\">\r\n         <div class=\"content-inner\">\r\n                           <h3 class=\"title\">Playa Puerto Villamil <\/h3>\r\n                                       <div class=\"sub-title\">Isla Isabela<\/div>\r\n                     <\/div>   \r\n      <\/div>\r\n\r\n   <\/div>\r\n<\/div><div class=\"item\">\r\n<div class=\"gallery-item\">\r\n\r\n               <div class=\"image\">\r\n            <img decoding=\"async\" src=\"https:\/\/ecuanegos.ec\/wp-content\/uploads\/2024\/10\/04f2c987-30d8-4807-b20e-a24fc901937c-600x600.jpg\" alt=\"Concha de Perla\" \/>  \r\n         <\/div>\r\n         <a class=\"photo-gallery\" href=\"https:\/\/ecuanegos.ec\/wp-content\/uploads\/2024\/10\/04f2c987-30d8-4807-b20e-a24fc901937c.jpg\" data-elementor-lightbox-slideshow=\"gallery-nsum\"><\/a>\r\n      \r\n      <div class=\"image-content\">\r\n         <div class=\"content-inner\">\r\n                           <h3 class=\"title\">Concha de Perla<\/h3>\r\n                                       <div class=\"sub-title\">Isla Isabela<\/div>\r\n                     <\/div>   \r\n      <\/div>\r\n\r\n   <\/div>\r\n<\/div><div class=\"item\">\r\n<div class=\"gallery-item\">\r\n\r\n               <div class=\"image\">\r\n            <img decoding=\"async\" src=\"https:\/\/ecuanegos.ec\/wp-content\/uploads\/2024\/10\/db657ad2-006a-4b01-bad9-90e70bbd5bb9-600x600.jpg\" alt=\"Volc\u00e1n Sierra Negra \" \/>  \r\n         <\/div>\r\n         <a class=\"photo-gallery\" href=\"https:\/\/ecuanegos.ec\/wp-content\/uploads\/2024\/10\/db657ad2-006a-4b01-bad9-90e70bbd5bb9.jpg\" data-elementor-lightbox-slideshow=\"gallery-nsum\"><\/a>\r\n      \r\n      <div class=\"image-content\">\r\n         <div class=\"content-inner\">\r\n                           <h3 class=\"title\">Volc\u00e1n Sierra Negra <\/h3>\r\n                                       <div class=\"sub-title\">Isla Isabela<\/div>\r\n                     <\/div>   \r\n      <\/div>\r\n\r\n   <\/div>\r\n<\/div>\t\t  \t<\/div>\r\n\t\t<\/div>\r\n  \t<\/div>\r\n<\/div>\t\t<\/div>\n\t\t\t\t<\/div>\n\t\t\t\t\t<\/div>\n\t\t<\/div>\n\t\t\t\t\t<\/div>\n\t\t<\/section>\n\t\t\t\t<section class=\"elementor-section elementor-top-section elementor-element elementor-element-518fe21 bg-row-theme elementor-section-stretched elementor-section-boxed elementor-section-height-default elementor-section-height-default row-top\" data-id=\"518fe21\" data-element_type=\"section\" data-settings=\"{&quot;background_background&quot;:&quot;classic&quot;,&quot;stretch_section&quot;:&quot;section-stretched&quot;}\">\n\t\t\t\t\t\t<div class=\"elementor-container elementor-column-gap-default\">\n\t\t\t\t\t<div class=\"elementor-column elementor-col-50 elementor-top-column elementor-element elementor-element-e5d2649\" data-id=\"e5d2649\" data-element_type=\"column\">\n\t\t\t<div class=\"elementor-widget-wrap elementor-element-populated\">\n\t\t\t\t\t\t<div class=\"elementor-element elementor-element-d9f55ed elementor-widget elementor-widget-gva-heading-block\" data-id=\"d9f55ed\" data-element_type=\"widget\" data-settings=\"{&quot;ekit_we_effect_on&quot;:&quot;none&quot;}\" data-widget_type=\"gva-heading-block.default\">\n\t\t\t\t<div class=\"elementor-widget-container\">\n\t\t\t<div class=\"gva-element-gva-heading-block gva-element\">   <div class=\"align-left style-1 widget gsc-heading box-align-left auto-responsive\">\r\n      <div class=\"content-inner\">\r\n         \r\n                  \r\n           \r\n         \r\n                     <h2 class=\"title\">\r\n               <span>Let's plan your next adventure<\/span>\r\n            <\/h2>\r\n                  \r\n         \r\n      <\/div>\r\n   <\/div>\r\n<\/div>\t\t<\/div>\n\t\t\t\t<\/div>\n\t\t\t\t\t<\/div>\n\t\t<\/div>\n\t\t\t\t<div class=\"elementor-column elementor-col-50 elementor-top-column elementor-element elementor-element-95ccb15\" data-id=\"95ccb15\" data-element_type=\"column\">\n\t\t\t<div class=\"elementor-widget-wrap elementor-element-populated\">\n\t\t\t\t\t\t<div class=\"elementor-element elementor-element-181ca4a elementor-widget elementor-widget-elementskit-button\" data-id=\"181ca4a\" data-element_type=\"widget\" data-settings=\"{&quot;ekit_we_effect_on&quot;:&quot;none&quot;}\" data-widget_type=\"elementskit-button.default\">\n\t\t\t\t<div class=\"elementor-widget-container\">\n\t\t\t<div class=\"ekit-wid-con\" >\t\t<div class=\"ekit-btn-wraper\">\n\t\t\t\t\t\t\t<a href=\"https:\/\/ecuanegos.ec\/en\/contactos\/\" class=\"elementskit-btn  whitespace--normal\" id=\"\">\n\t\t\t\t\tContact Us \t\t\t\t<\/a>\n\t\t\t\t\t<\/div>\n        <\/div>\t\t<\/div>\n\t\t\t\t<\/div>\n\t\t\t\t\t<\/div>\n\t\t<\/div>\n\t\t\t\t\t<\/div>\n\t\t<\/section>\n\t\t\t\t<\/div>","protected":false},"excerpt":{"rendered":"<p>Sum\u00e9rgete en el rinc\u00f3n m\u00e1s preciado de la Naturaleza \u00a1Descubre las Islas Gal\u00e1pagos! Un tesoro natural \u00fanico en el mundo, situado a 1000 km de la costa de Ecuador. Conocidas [&hellip;]<\/p>","protected":false},"author":1,"featured_media":0,"parent":0,"menu_order":0,"comment_status":"closed","ping_status":"closed","template":"","meta":{"footnotes":""},"class_list":["post-1553","page","type-page","status-publish","hentry"],"yoast_head":"<!-- This site is optimized with the Yoast SEO Premium plugin v23.4 (Yoast SEO v23.4) - https:\/\/yoast.com\/wordpress\/plugins\/seo\/ -->\n<title>Ecuanegos<\/title>\n<meta name=\"robots\" content=\"index, follow, max-snippet:-1, max-image-preview:large, max-video-preview:-1\" \/>\n<link rel=\"canonical\" href=\"https:\/\/ecuanegos.ec\/en\/galapagos\/\" \/>\n<meta property=\"og:locale\" content=\"en_US\" \/>\n<meta property=\"og:type\" content=\"article\" \/>\n<meta property=\"og:title\" content=\"Gal\u00e1pagos\" \/>\n<meta property=\"og:description\" content=\"Sum\u00e9rgete en el rinc\u00f3n m\u00e1s preciado de la Naturaleza \u00a1Descubre las Islas Gal\u00e1pagos! Un tesoro natural \u00fanico en el mundo, situado a 1000 km de la costa de Ecuador. Conocidas [&hellip;]\" \/>\n<meta property=\"og:url\" content=\"https:\/\/ecuanegos.ec\/en\/galapagos\/\" \/>\n<meta property=\"og:site_name\" content=\"Ecuanegos\" \/>\n<meta property=\"article:modified_time\" content=\"2024-10-21T04:44:19+00:00\" \/>\n<meta property=\"og:image\" content=\"https:\/\/ecuanegos.ec\/wp-content\/uploads\/2024\/10\/1f351a50-3d7f-453a-af73-89df48f3df8b-1-600x600.jpg\" \/>\n<meta name=\"twitter:card\" content=\"summary_large_image\" \/>\n<meta name=\"twitter:label1\" content=\"Est. reading time\" \/>\n\t<meta name=\"twitter:data1\" content=\"3 minutes\" \/>\n<script type=\"application\/ld+json\" class=\"yoast-schema-graph\">{\"@context\":\"https:\/\/schema.org\",\"@graph\":[{\"@type\":\"WebPage\",\"@id\":\"https:\/\/ecuanegos.ec\/galapagos\/\",\"url\":\"https:\/\/ecuanegos.ec\/galapagos\/\",\"name\":\"Ecuanegos\",\"isPartOf\":{\"@id\":\"https:\/\/ecuanegos.ec\/#website\"},\"primaryImageOfPage\":{\"@id\":\"https:\/\/ecuanegos.ec\/galapagos\/#primaryimage\"},\"image\":{\"@id\":\"https:\/\/ecuanegos.ec\/galapagos\/#primaryimage\"},\"thumbnailUrl\":\"https:\/\/ecuanegos.ec\/wp-content\/uploads\/2024\/10\/1f351a50-3d7f-453a-af73-89df48f3df8b-1-600x600.jpg\",\"datePublished\":\"2024-10-21T04:33:59+00:00\",\"dateModified\":\"2024-10-21T04:44:19+00:00\",\"breadcrumb\":{\"@id\":\"https:\/\/ecuanegos.ec\/galapagos\/#breadcrumb\"},\"inLanguage\":\"en-US\",\"potentialAction\":[{\"@type\":\"ReadAction\",\"target\":[\"https:\/\/ecuanegos.ec\/galapagos\/\"]}]},{\"@type\":\"ImageObject\",\"inLanguage\":\"en-US\",\"@id\":\"https:\/\/ecuanegos.ec\/galapagos\/#primaryimage\",\"url\":\"https:\/\/ecuanegos.ec\/wp-content\/uploads\/2024\/10\/1f351a50-3d7f-453a-af73-89df48f3df8b-1-600x600.jpg\",\"contentUrl\":\"https:\/\/ecuanegos.ec\/wp-content\/uploads\/2024\/10\/1f351a50-3d7f-453a-af73-89df48f3df8b-1-600x600.jpg\"},{\"@type\":\"BreadcrumbList\",\"@id\":\"https:\/\/ecuanegos.ec\/galapagos\/#breadcrumb\",\"itemListElement\":[{\"@type\":\"ListItem\",\"position\":1,\"name\":\"Portada\",\"item\":\"https:\/\/ecuanegos.ec\/\"},{\"@type\":\"ListItem\",\"position\":2,\"name\":\"Gal\u00e1pagos\"}]},{\"@type\":\"WebSite\",\"@id\":\"https:\/\/ecuanegos.ec\/#website\",\"url\":\"https:\/\/ecuanegos.ec\/\",\"name\":\"Ecuanegos\",\"description\":\"Turismo e inversi\u00f3n\",\"publisher\":{\"@id\":\"https:\/\/ecuanegos.ec\/#organization\"},\"potentialAction\":[{\"@type\":\"SearchAction\",\"target\":{\"@type\":\"EntryPoint\",\"urlTemplate\":\"https:\/\/ecuanegos.ec\/?s={search_term_string}\"},\"query-input\":{\"@type\":\"PropertyValueSpecification\",\"valueRequired\":true,\"valueName\":\"search_term_string\"}}],\"inLanguage\":\"en-US\"},{\"@type\":\"Organization\",\"@id\":\"https:\/\/ecuanegos.ec\/#organization\",\"name\":\"Ecuanegos\",\"url\":\"https:\/\/ecuanegos.ec\/\",\"logo\":{\"@type\":\"ImageObject\",\"inLanguage\":\"en-US\",\"@id\":\"https:\/\/ecuanegos.ec\/#\/schema\/logo\/image\/\",\"url\":\"https:\/\/ecuanegos.ec\/wp-content\/uploads\/2024\/10\/LOGO-WEB-1.png\",\"contentUrl\":\"https:\/\/ecuanegos.ec\/wp-content\/uploads\/2024\/10\/LOGO-WEB-1.png\",\"width\":512,\"height\":512,\"caption\":\"Ecuanegos\"},\"image\":{\"@id\":\"https:\/\/ecuanegos.ec\/#\/schema\/logo\/image\/\"}}]}<\/script>\n<!-- \/ Yoast SEO Premium plugin. -->","yoast_head_json":{"title":"Ecuanegos","robots":{"index":"index","follow":"follow","max-snippet":"max-snippet:-1","max-image-preview":"max-image-preview:large","max-video-preview":"max-video-preview:-1"},"canonical":"https:\/\/ecuanegos.ec\/en\/galapagos\/","og_locale":"en_US","og_type":"article","og_title":"Gal\u00e1pagos","og_description":"Sum\u00e9rgete en el rinc\u00f3n m\u00e1s preciado de la Naturaleza \u00a1Descubre las Islas Gal\u00e1pagos! Un tesoro natural \u00fanico en el mundo, situado a 1000 km de la costa de Ecuador. Conocidas [&hellip;]","og_url":"https:\/\/ecuanegos.ec\/en\/galapagos\/","og_site_name":"Ecuanegos","article_modified_time":"2024-10-21T04:44:19+00:00","og_image":[{"url":"https:\/\/ecuanegos.ec\/wp-content\/uploads\/2024\/10\/1f351a50-3d7f-453a-af73-89df48f3df8b-1-600x600.jpg"}],"twitter_card":"summary_large_image","twitter_misc":{"Est. reading time":"3 minutes"},"schema":{"@context":"https:\/\/schema.org","@graph":[{"@type":"WebPage","@id":"https:\/\/ecuanegos.ec\/galapagos\/","url":"https:\/\/ecuanegos.ec\/galapagos\/","name":"Ecuanegos","isPartOf":{"@id":"https:\/\/ecuanegos.ec\/#website"},"primaryImageOfPage":{"@id":"https:\/\/ecuanegos.ec\/galapagos\/#primaryimage"},"image":{"@id":"https:\/\/ecuanegos.ec\/galapagos\/#primaryimage"},"thumbnailUrl":"https:\/\/ecuanegos.ec\/wp-content\/uploads\/2024\/10\/1f351a50-3d7f-453a-af73-89df48f3df8b-1-600x600.jpg","datePublished":"2024-10-21T04:33:59+00:00","dateModified":"2024-10-21T04:44:19+00:00","breadcrumb":{"@id":"https:\/\/ecuanegos.ec\/galapagos\/#breadcrumb"},"inLanguage":"en-US","potentialAction":[{"@type":"ReadAction","target":["https:\/\/ecuanegos.ec\/galapagos\/"]}]},{"@type":"ImageObject","inLanguage":"en-US","@id":"https:\/\/ecuanegos.ec\/galapagos\/#primaryimage","url":"https:\/\/ecuanegos.ec\/wp-content\/uploads\/2024\/10\/1f351a50-3d7f-453a-af73-89df48f3df8b-1-600x600.jpg","contentUrl":"https:\/\/ecuanegos.ec\/wp-content\/uploads\/2024\/10\/1f351a50-3d7f-453a-af73-89df48f3df8b-1-600x600.jpg"},{"@type":"BreadcrumbList","@id":"https:\/\/ecuanegos.ec\/galapagos\/#breadcrumb","itemListElement":[{"@type":"ListItem","position":1,"name":"Portada","item":"https:\/\/ecuanegos.ec\/"},{"@type":"ListItem","position":2,"name":"Gal\u00e1pagos"}]},{"@type":"WebSite","@id":"https:\/\/ecuanegos.ec\/#website","url":"https:\/\/ecuanegos.ec\/","name":"Ecuanegos","description":"Turismo e inversi\u00f3n","publisher":{"@id":"https:\/\/ecuanegos.ec\/#organization"},"potentialAction":[{"@type":"SearchAction","target":{"@type":"EntryPoint","urlTemplate":"https:\/\/ecuanegos.ec\/?s={search_term_string}"},"query-input":{"@type":"PropertyValueSpecification","valueRequired":true,"valueName":"search_term_string"}}],"inLanguage":"en-US"},{"@type":"Organization","@id":"https:\/\/ecuanegos.ec\/#organization","name":"Ecuanegos","url":"https:\/\/ecuanegos.ec\/","logo":{"@type":"ImageObject","inLanguage":"en-US","@id":"https:\/\/ecuanegos.ec\/#\/schema\/logo\/image\/","url":"https:\/\/ecuanegos.ec\/wp-content\/uploads\/2024\/10\/LOGO-WEB-1.png","contentUrl":"https:\/\/ecuanegos.ec\/wp-content\/uploads\/2024\/10\/LOGO-WEB-1.png","width":512,"height":512,"caption":"Ecuanegos"},"image":{"@id":"https:\/\/ecuanegos.ec\/#\/schema\/logo\/image\/"}}]}},"_links":{"self":[{"href":"https:\/\/ecuanegos.ec\/en\/wp-json\/wp\/v2\/pages\/1553","targetHints":{"allow":["GET"]}}],"collection":[{"href":"https:\/\/ecuanegos.ec\/en\/wp-json\/wp\/v2\/pages"}],"about":[{"href":"https:\/\/ecuanegos.ec\/en\/wp-json\/wp\/v2\/types\/page"}],"author":[{"embeddable":true,"href":"https:\/\/ecuanegos.ec\/en\/wp-json\/wp\/v2\/users\/1"}],"replies":[{"embeddable":true,"href":"https:\/\/ecuanegos.ec\/en\/wp-json\/wp\/v2\/comments?post=1553"}],"version-history":[{"count":7,"href":"https:\/\/ecuanegos.ec\/en\/wp-json\/wp\/v2\/pages\/1553\/revisions"}],"predecessor-version":[{"id":1570,"href":"https:\/\/ecuanegos.ec\/en\/wp-json\/wp\/v2\/pages\/1553\/revisions\/1570"}],"wp:attachment":[{"href":"https:\/\/ecuanegos.ec\/en\/wp-json\/wp\/v2\/media?parent=1553"}],"curies":[{"name":"wp","href":"https:\/\/api.w.org\/{rel}","templated":true}]}}