{"id":1483,"date":"2024-10-21T03:54:50","date_gmt":"2024-10-21T03:54:50","guid":{"rendered":"https:\/\/ecuanegos.ec\/?page_id=1483"},"modified":"2024-10-21T04:14:53","modified_gmt":"2024-10-21T04:14:53","slug":"andes","status":"publish","type":"page","link":"https:\/\/ecuanegos.ec\/en\/andes\/","title":{"rendered":"Andes"},"content":{"rendered":"<div data-elementor-type=\"wp-page\" data-elementor-id=\"1483\" class=\"elementor elementor-1483\" data-elementor-post-type=\"page\">\n\t\t\t\t\t\t<section class=\"elementor-section elementor-top-section elementor-element elementor-element-7e9c1af9 elementor-section-stretched elementor-section-boxed elementor-section-height-default elementor-section-height-default row-top\" data-id=\"7e9c1af9\" data-element_type=\"section\" data-settings=\"{&quot;stretch_section&quot;:&quot;section-stretched&quot;}\">\n\t\t\t\t\t\t<div class=\"elementor-container elementor-column-gap-default\">\n\t\t\t\t\t<div class=\"elementor-column elementor-col-100 elementor-top-column elementor-element elementor-element-27c9e840\" data-id=\"27c9e840\" data-element_type=\"column\">\n\t\t\t<div class=\"elementor-widget-wrap elementor-element-populated\">\n\t\t\t\t\t\t<div class=\"elementor-element elementor-element-9dd8d7b elementor-widget elementor-widget-heading\" data-id=\"9dd8d7b\" data-element_type=\"widget\" data-settings=\"{&quot;ekit_we_effect_on&quot;:&quot;none&quot;}\" data-widget_type=\"heading.default\">\n\t\t\t\t<div class=\"elementor-widget-container\">\n\t\t\t<h2 class=\"elementor-heading-title elementor-size-default\">Discover the treasures of the Andes<\/h2>\t\t<\/div>\n\t\t\t\t<\/div>\n\t\t\t\t<div class=\"elementor-element elementor-element-72bc75f elementor-widget elementor-widget-text-editor\" data-id=\"72bc75f\" data-element_type=\"widget\" data-settings=\"{&quot;ekit_we_effect_on&quot;:&quot;none&quot;}\" data-widget_type=\"text-editor.default\">\n\t\t\t\t<div class=\"elementor-widget-container\">\n\t\t\t\t\t\t\t<p>Surrounded by majestic mountains, this region is home to a wide variety of ecosystems, from moors to cloud forests. Its blue lagoons, such as Laguna Quilotoa and Laguna de Cuicocha, offer spectacular landscapes and are a refuge for various species of flora and fauna. Here you can explore natural trails, spot endemic birds and visit indigenous markets full of colors and flavors, such as the one in Otavalo, which will immerse you in the authenticity of Andean culture.<\/p>\t\t\t\t\t\t<\/div>\n\t\t\t\t<\/div>\n\t\t\t\t<div class=\"elementor-element elementor-element-63700fe5 elementor-widget__width-initial elementor-widget elementor-widget-gva-gallery\" data-id=\"63700fe5\" data-element_type=\"widget\" data-settings=\"{&quot;ekit_we_effect_on&quot;:&quot;none&quot;}\" data-widget_type=\"gva-gallery.default\">\n\t\t\t\t<div class=\"elementor-widget-container\">\n\t\t\t<div class=\"gva-element-gva-gallery gva-element\">  \r\n  \t<div class=\"gva-gallery-grid clearfix\">\r\n\t\t<div class=\"gva-content-items\"> \r\n\t\t  \t<div class=\"lg-block-grid-3 md-block-grid-3 sm-block-grid-3 xs-block-grid-2 xx-block-grid-2\">\r\n\t\t\t \t<div class=\"item\">\r\n<div class=\"gallery-item\">\r\n\r\n               <div class=\"image\">\r\n            <img decoding=\"async\" src=\"https:\/\/ecuanegos.ec\/wp-content\/uploads\/2024\/10\/panecillo-600x600.jpg\" alt=\"Virgen del Panecillo\" \/>  \r\n         <\/div>\r\n         <a class=\"photo-gallery\" href=\"https:\/\/ecuanegos.ec\/wp-content\/uploads\/2024\/10\/panecillo.jpg\" data-elementor-lightbox-slideshow=\"gallery-wd99\"><\/a>\r\n      \r\n      <div class=\"image-content\">\r\n         <div class=\"content-inner\">\r\n                           <h3 class=\"title\">Virgen del Panecillo<\/h3>\r\n                                       <div class=\"sub-title\">Quito<\/div>\r\n                     <\/div>   \r\n      <\/div>\r\n\r\n   <\/div>\r\n<\/div><div class=\"item\">\r\n<div class=\"gallery-item\">\r\n\r\n               <div class=\"image\">\r\n            <img decoding=\"async\" src=\"https:\/\/ecuanegos.ec\/wp-content\/uploads\/2024\/10\/calderon-600x600.jpg\" alt=\"Parque Calder\u00f3n\" \/>  \r\n         <\/div>\r\n         <a class=\"photo-gallery\" href=\"https:\/\/ecuanegos.ec\/wp-content\/uploads\/2024\/10\/calderon.jpg\" data-elementor-lightbox-slideshow=\"gallery-wd99\"><\/a>\r\n      \r\n      <div class=\"image-content\">\r\n         <div class=\"content-inner\">\r\n                           <h3 class=\"title\">Parque Calder\u00f3n<\/h3>\r\n                                       <div class=\"sub-title\">Cuenca<\/div>\r\n                     <\/div>   \r\n      <\/div>\r\n\r\n   <\/div>\r\n<\/div><div class=\"item\">\r\n<div class=\"gallery-item\">\r\n\r\n               <div class=\"image\">\r\n            <img decoding=\"async\" src=\"https:\/\/ecuanegos.ec\/wp-content\/uploads\/2024\/10\/cuicocha-600x600.jpg\" alt=\"Laguna Cuicocha\" \/>  \r\n         <\/div>\r\n         <a class=\"photo-gallery\" href=\"https:\/\/ecuanegos.ec\/wp-content\/uploads\/2024\/10\/cuicocha.jpg\" data-elementor-lightbox-slideshow=\"gallery-wd99\"><\/a>\r\n      \r\n      <div class=\"image-content\">\r\n         <div class=\"content-inner\">\r\n                           <h3 class=\"title\">Laguna Cuicocha<\/h3>\r\n                                       <div class=\"sub-title\">Cuicocha<\/div>\r\n                     <\/div>   \r\n      <\/div>\r\n\r\n   <\/div>\r\n<\/div><div class=\"item\">\r\n<div class=\"gallery-item\">\r\n\r\n               <div class=\"image\">\r\n            <img decoding=\"async\" src=\"https:\/\/ecuanegos.ec\/wp-content\/uploads\/2024\/10\/nambillo-600x600.jpg\" alt=\"La Cascada de Nambillo\" \/>  \r\n         <\/div>\r\n         <a class=\"photo-gallery\" href=\"https:\/\/ecuanegos.ec\/wp-content\/uploads\/2024\/10\/nambillo.jpg\" data-elementor-lightbox-slideshow=\"gallery-wd99\"><\/a>\r\n      \r\n      <div class=\"image-content\">\r\n         <div class=\"content-inner\">\r\n                           <h3 class=\"title\">La Cascada de Nambillo<\/h3>\r\n                                       <div class=\"sub-title\">Mindo<\/div>\r\n                     <\/div>   \r\n      <\/div>\r\n\r\n   <\/div>\r\n<\/div><div class=\"item\">\r\n<div class=\"gallery-item\">\r\n\r\n               <div class=\"image\">\r\n            <img decoding=\"async\" src=\"https:\/\/ecuanegos.ec\/wp-content\/uploads\/2024\/10\/pailon-600x600.jpg\" alt=\"Cascada Pail\u00f3n del Diablo\" \/>  \r\n         <\/div>\r\n         <a class=\"photo-gallery\" href=\"https:\/\/ecuanegos.ec\/wp-content\/uploads\/2024\/10\/pailon.jpg\" data-elementor-lightbox-slideshow=\"gallery-wd99\"><\/a>\r\n      \r\n      <div class=\"image-content\">\r\n         <div class=\"content-inner\">\r\n                           <h3 class=\"title\">Cascada Pail\u00f3n del Diablo<\/h3>\r\n                                       <div class=\"sub-title\">Ba\u00f1os<\/div>\r\n                     <\/div>   \r\n      <\/div>\r\n\r\n   <\/div>\r\n<\/div><div class=\"item\">\r\n<div class=\"gallery-item\">\r\n\r\n               <div class=\"image\">\r\n            <img decoding=\"async\" src=\"https:\/\/ecuanegos.ec\/wp-content\/uploads\/2024\/10\/imbabura-600x600.jpg\" alt=\"Volc\u00e1n Imbabura\" \/>  \r\n         <\/div>\r\n         <a class=\"photo-gallery\" href=\"https:\/\/ecuanegos.ec\/wp-content\/uploads\/2024\/10\/imbabura.jpg\" data-elementor-lightbox-slideshow=\"gallery-wd99\"><\/a>\r\n      \r\n      <div class=\"image-content\">\r\n         <div class=\"content-inner\">\r\n                           <h3 class=\"title\">Volc\u00e1n Imbabura<\/h3>\r\n                                       <div class=\"sub-title\">Imbabura<\/div>\r\n                     <\/div>   \r\n      <\/div>\r\n\r\n   <\/div>\r\n<\/div><div class=\"item\">\r\n<div class=\"gallery-item\">\r\n\r\n               <div class=\"image\">\r\n            <img decoding=\"async\" src=\"https:\/\/ecuanegos.ec\/wp-content\/uploads\/2024\/10\/laguna-600x600.jpg\" alt=\"Laguna Limpiopungo\" \/>  \r\n         <\/div>\r\n         <a class=\"photo-gallery\" href=\"https:\/\/ecuanegos.ec\/wp-content\/uploads\/2024\/10\/laguna.jpg\" data-elementor-lightbox-slideshow=\"gallery-wd99\"><\/a>\r\n      \r\n      <div class=\"image-content\">\r\n         <div class=\"content-inner\">\r\n                           <h3 class=\"title\">Laguna Limpiopungo<\/h3>\r\n                                       <div class=\"sub-title\">Cotopaxi<\/div>\r\n                     <\/div>   \r\n      <\/div>\r\n\r\n   <\/div>\r\n<\/div><div class=\"item\">\r\n<div class=\"gallery-item\">\r\n\r\n               <div class=\"image\">\r\n            <img decoding=\"async\" src=\"https:\/\/ecuanegos.ec\/wp-content\/uploads\/2024\/10\/teleferico-600x600.jpg\" alt=\"Telef\u00e9rico de Quito\" \/>  \r\n         <\/div>\r\n         <a class=\"photo-gallery\" href=\"https:\/\/ecuanegos.ec\/wp-content\/uploads\/2024\/10\/teleferico.jpg\" data-elementor-lightbox-slideshow=\"gallery-wd99\"><\/a>\r\n      \r\n      <div class=\"image-content\">\r\n         <div class=\"content-inner\">\r\n                           <h3 class=\"title\">Telef\u00e9rico de Quito<\/h3>\r\n                                       <div class=\"sub-title\">Quito<\/div>\r\n                     <\/div>   \r\n      <\/div>\r\n\r\n   <\/div>\r\n<\/div><div class=\"item\">\r\n<div class=\"gallery-item\">\r\n\r\n               <div class=\"image\">\r\n            <img decoding=\"async\" src=\"https:\/\/ecuanegos.ec\/wp-content\/uploads\/2024\/10\/cotopaxi-600x600.jpg\" alt=\"Parque Nacional Cotopaxi\" \/>  \r\n         <\/div>\r\n         <a class=\"photo-gallery\" href=\"https:\/\/ecuanegos.ec\/wp-content\/uploads\/2024\/10\/cotopaxi.jpg\" data-elementor-lightbox-slideshow=\"gallery-wd99\"><\/a>\r\n      \r\n      <div class=\"image-content\">\r\n         <div class=\"content-inner\">\r\n                           <h3 class=\"title\">Parque Nacional Cotopaxi<\/h3>\r\n                                       <div class=\"sub-title\">Cotopaxi<\/div>\r\n                     <\/div>   \r\n      <\/div>\r\n\r\n   <\/div>\r\n<\/div><div class=\"item\">\r\n<div class=\"gallery-item\">\r\n\r\n               <div class=\"image\">\r\n            <img decoding=\"async\" src=\"https:\/\/ecuanegos.ec\/wp-content\/uploads\/2024\/10\/santuario-600x600.jpg\" alt=\"Santuario y museo de la Virgen del Cisne\" \/>  \r\n         <\/div>\r\n         <a class=\"photo-gallery\" href=\"https:\/\/ecuanegos.ec\/wp-content\/uploads\/2024\/10\/santuario.jpg\" data-elementor-lightbox-slideshow=\"gallery-wd99\"><\/a>\r\n      \r\n      <div class=\"image-content\">\r\n         <div class=\"content-inner\">\r\n                           <h3 class=\"title\">Santuario y museo de la Virgen del Cisne<\/h3>\r\n                                       <div class=\"sub-title\">Loja<\/div>\r\n                     <\/div>   \r\n      <\/div>\r\n\r\n   <\/div>\r\n<\/div><div class=\"item\">\r\n<div class=\"gallery-item\">\r\n\r\n               <div class=\"image\">\r\n            <img decoding=\"async\" src=\"https:\/\/ecuanegos.ec\/wp-content\/uploads\/2024\/10\/cajas-600x600.jpg\" alt=\"Parque Nacional Cajas\" \/>  \r\n         <\/div>\r\n         <a class=\"photo-gallery\" href=\"https:\/\/ecuanegos.ec\/wp-content\/uploads\/2024\/10\/cajas.jpg\" data-elementor-lightbox-slideshow=\"gallery-wd99\"><\/a>\r\n      \r\n      <div class=\"image-content\">\r\n         <div class=\"content-inner\">\r\n                           <h3 class=\"title\">Parque Nacional Cajas<\/h3>\r\n                                       <div class=\"sub-title\">Cajas<\/div>\r\n                     <\/div>   \r\n      <\/div>\r\n\r\n   <\/div>\r\n<\/div><div class=\"item\">\r\n<div class=\"gallery-item\">\r\n\r\n               <div class=\"image\">\r\n            <img decoding=\"async\" src=\"https:\/\/ecuanegos.ec\/wp-content\/uploads\/2024\/10\/3c01023d-dda0-4b5b-84fe-3a6a08b59c39-600x600.jpg\" alt=\"Mariposas de Mindo\" \/>  \r\n         <\/div>\r\n         <a class=\"photo-gallery\" href=\"https:\/\/ecuanegos.ec\/wp-content\/uploads\/2024\/10\/3c01023d-dda0-4b5b-84fe-3a6a08b59c39.jpg\" data-elementor-lightbox-slideshow=\"gallery-wd99\"><\/a>\r\n      \r\n      <div class=\"image-content\">\r\n         <div class=\"content-inner\">\r\n                           <h3 class=\"title\">Mariposas de Mindo<\/h3>\r\n                                       <div class=\"sub-title\">Mindo<\/div>\r\n                     <\/div>   \r\n      <\/div>\r\n\r\n   <\/div>\r\n<\/div>\t\t  \t<\/div>\r\n\t\t<\/div>\r\n  \t<\/div>\r\n<\/div>\t\t<\/div>\n\t\t\t\t<\/div>\n\t\t\t\t\t<\/div>\n\t\t<\/div>\n\t\t\t\t\t<\/div>\n\t\t<\/section>\n\t\t\t\t<section class=\"elementor-section elementor-top-section elementor-element elementor-element-518fe21 bg-row-theme elementor-section-stretched elementor-section-boxed elementor-section-height-default elementor-section-height-default row-top\" data-id=\"518fe21\" data-element_type=\"section\" data-settings=\"{&quot;background_background&quot;:&quot;classic&quot;,&quot;stretch_section&quot;:&quot;section-stretched&quot;}\">\n\t\t\t\t\t\t<div class=\"elementor-container elementor-column-gap-default\">\n\t\t\t\t\t<div class=\"elementor-column elementor-col-50 elementor-top-column elementor-element elementor-element-e5d2649\" data-id=\"e5d2649\" data-element_type=\"column\">\n\t\t\t<div class=\"elementor-widget-wrap elementor-element-populated\">\n\t\t\t\t\t\t<div class=\"elementor-element elementor-element-d9f55ed elementor-widget elementor-widget-gva-heading-block\" data-id=\"d9f55ed\" data-element_type=\"widget\" data-settings=\"{&quot;ekit_we_effect_on&quot;:&quot;none&quot;}\" data-widget_type=\"gva-heading-block.default\">\n\t\t\t\t<div class=\"elementor-widget-container\">\n\t\t\t<div class=\"gva-element-gva-heading-block gva-element\">   <div class=\"align-left style-1 widget gsc-heading box-align-left auto-responsive\">\r\n      <div class=\"content-inner\">\r\n         \r\n                  \r\n           \r\n         \r\n                     <h2 class=\"title\">\r\n               <span>Let's plan your next adventure<\/span>\r\n            <\/h2>\r\n                  \r\n         \r\n      <\/div>\r\n   <\/div>\r\n<\/div>\t\t<\/div>\n\t\t\t\t<\/div>\n\t\t\t\t\t<\/div>\n\t\t<\/div>\n\t\t\t\t<div class=\"elementor-column elementor-col-50 elementor-top-column elementor-element elementor-element-95ccb15\" data-id=\"95ccb15\" data-element_type=\"column\">\n\t\t\t<div class=\"elementor-widget-wrap elementor-element-populated\">\n\t\t\t\t\t\t<div class=\"elementor-element elementor-element-181ca4a elementor-widget elementor-widget-elementskit-button\" data-id=\"181ca4a\" data-element_type=\"widget\" data-settings=\"{&quot;ekit_we_effect_on&quot;:&quot;none&quot;}\" data-widget_type=\"elementskit-button.default\">\n\t\t\t\t<div class=\"elementor-widget-container\">\n\t\t\t<div class=\"ekit-wid-con\" >\t\t<div class=\"ekit-btn-wraper\">\n\t\t\t\t\t\t\t<a href=\"https:\/\/ecuanegos.ec\/en\/contactos\/\" class=\"elementskit-btn  whitespace--normal\" id=\"\">\n\t\t\t\t\tContact Us \t\t\t\t<\/a>\n\t\t\t\t\t<\/div>\n        <\/div>\t\t<\/div>\n\t\t\t\t<\/div>\n\t\t\t\t\t<\/div>\n\t\t<\/div>\n\t\t\t\t\t<\/div>\n\t\t<\/section>\n\t\t\t\t<\/div>","protected":false},"excerpt":{"rendered":"<p>Descubre los tesoros de los Andes Rodeada por majestuosas monta\u00f1as, esta regi\u00f3n alberga una gran variedad de ecosistemas, desde p\u00e1ramos hasta bosques nublados. Sus lagunas de tonos azules, como la [&hellip;]<\/p>","protected":false},"author":1,"featured_media":0,"parent":0,"menu_order":0,"comment_status":"closed","ping_status":"closed","template":"","meta":{"footnotes":""},"class_list":["post-1483","page","type-page","status-publish","hentry"],"yoast_head":"<!-- This site is optimized with the Yoast SEO Premium plugin v23.4 (Yoast SEO v23.4) - https:\/\/yoast.com\/wordpress\/plugins\/seo\/ -->\n<title>Ecuanegos<\/title>\n<meta name=\"robots\" content=\"index, follow, max-snippet:-1, max-image-preview:large, max-video-preview:-1\" \/>\n<link rel=\"canonical\" href=\"https:\/\/ecuanegos.ec\/en\/andes\/\" \/>\n<meta property=\"og:locale\" content=\"en_US\" \/>\n<meta property=\"og:type\" content=\"article\" \/>\n<meta property=\"og:title\" content=\"Andes\" \/>\n<meta property=\"og:description\" content=\"Descubre los tesoros de los Andes Rodeada por majestuosas monta\u00f1as, esta regi\u00f3n alberga una gran variedad de ecosistemas, desde p\u00e1ramos hasta bosques nublados. Sus lagunas de tonos azules, como la [&hellip;]\" \/>\n<meta property=\"og:url\" content=\"https:\/\/ecuanegos.ec\/en\/andes\/\" \/>\n<meta property=\"og:site_name\" content=\"Ecuanegos\" \/>\n<meta property=\"article:modified_time\" content=\"2024-10-21T04:14:53+00:00\" \/>\n<meta property=\"og:image\" content=\"https:\/\/ecuanegos.ec\/wp-content\/uploads\/2024\/10\/panecillo-600x600.jpg\" \/>\n<meta name=\"twitter:card\" content=\"summary_large_image\" \/>\n<meta name=\"twitter:label1\" content=\"Est. reading time\" \/>\n\t<meta name=\"twitter:data1\" content=\"4 minutes\" \/>\n<script type=\"application\/ld+json\" class=\"yoast-schema-graph\">{\"@context\":\"https:\/\/schema.org\",\"@graph\":[{\"@type\":\"WebPage\",\"@id\":\"https:\/\/ecuanegos.ec\/andes\/\",\"url\":\"https:\/\/ecuanegos.ec\/andes\/\",\"name\":\"Ecuanegos\",\"isPartOf\":{\"@id\":\"https:\/\/ecuanegos.ec\/#website\"},\"primaryImageOfPage\":{\"@id\":\"https:\/\/ecuanegos.ec\/andes\/#primaryimage\"},\"image\":{\"@id\":\"https:\/\/ecuanegos.ec\/andes\/#primaryimage\"},\"thumbnailUrl\":\"https:\/\/ecuanegos.ec\/wp-content\/uploads\/2024\/10\/panecillo-600x600.jpg\",\"datePublished\":\"2024-10-21T03:54:50+00:00\",\"dateModified\":\"2024-10-21T04:14:53+00:00\",\"breadcrumb\":{\"@id\":\"https:\/\/ecuanegos.ec\/andes\/#breadcrumb\"},\"inLanguage\":\"en-US\",\"potentialAction\":[{\"@type\":\"ReadAction\",\"target\":[\"https:\/\/ecuanegos.ec\/andes\/\"]}]},{\"@type\":\"ImageObject\",\"inLanguage\":\"en-US\",\"@id\":\"https:\/\/ecuanegos.ec\/andes\/#primaryimage\",\"url\":\"https:\/\/ecuanegos.ec\/wp-content\/uploads\/2024\/10\/panecillo-600x600.jpg\",\"contentUrl\":\"https:\/\/ecuanegos.ec\/wp-content\/uploads\/2024\/10\/panecillo-600x600.jpg\"},{\"@type\":\"BreadcrumbList\",\"@id\":\"https:\/\/ecuanegos.ec\/andes\/#breadcrumb\",\"itemListElement\":[{\"@type\":\"ListItem\",\"position\":1,\"name\":\"Portada\",\"item\":\"https:\/\/ecuanegos.ec\/\"},{\"@type\":\"ListItem\",\"position\":2,\"name\":\"Andes\"}]},{\"@type\":\"WebSite\",\"@id\":\"https:\/\/ecuanegos.ec\/#website\",\"url\":\"https:\/\/ecuanegos.ec\/\",\"name\":\"Ecuanegos\",\"description\":\"Turismo e inversi\u00f3n\",\"publisher\":{\"@id\":\"https:\/\/ecuanegos.ec\/#organization\"},\"potentialAction\":[{\"@type\":\"SearchAction\",\"target\":{\"@type\":\"EntryPoint\",\"urlTemplate\":\"https:\/\/ecuanegos.ec\/?s={search_term_string}\"},\"query-input\":{\"@type\":\"PropertyValueSpecification\",\"valueRequired\":true,\"valueName\":\"search_term_string\"}}],\"inLanguage\":\"en-US\"},{\"@type\":\"Organization\",\"@id\":\"https:\/\/ecuanegos.ec\/#organization\",\"name\":\"Ecuanegos\",\"url\":\"https:\/\/ecuanegos.ec\/\",\"logo\":{\"@type\":\"ImageObject\",\"inLanguage\":\"en-US\",\"@id\":\"https:\/\/ecuanegos.ec\/#\/schema\/logo\/image\/\",\"url\":\"https:\/\/ecuanegos.ec\/wp-content\/uploads\/2024\/10\/LOGO-WEB-1.png\",\"contentUrl\":\"https:\/\/ecuanegos.ec\/wp-content\/uploads\/2024\/10\/LOGO-WEB-1.png\",\"width\":512,\"height\":512,\"caption\":\"Ecuanegos\"},\"image\":{\"@id\":\"https:\/\/ecuanegos.ec\/#\/schema\/logo\/image\/\"}}]}<\/script>\n<!-- \/ Yoast SEO Premium plugin. -->","yoast_head_json":{"title":"Ecuanegos","robots":{"index":"index","follow":"follow","max-snippet":"max-snippet:-1","max-image-preview":"max-image-preview:large","max-video-preview":"max-video-preview:-1"},"canonical":"https:\/\/ecuanegos.ec\/en\/andes\/","og_locale":"en_US","og_type":"article","og_title":"Andes","og_description":"Descubre los tesoros de los Andes Rodeada por majestuosas monta\u00f1as, esta regi\u00f3n alberga una gran variedad de ecosistemas, desde p\u00e1ramos hasta bosques nublados. Sus lagunas de tonos azules, como la [&hellip;]","og_url":"https:\/\/ecuanegos.ec\/en\/andes\/","og_site_name":"Ecuanegos","article_modified_time":"2024-10-21T04:14:53+00:00","og_image":[{"url":"https:\/\/ecuanegos.ec\/wp-content\/uploads\/2024\/10\/panecillo-600x600.jpg"}],"twitter_card":"summary_large_image","twitter_misc":{"Est. reading time":"4 minutes"},"schema":{"@context":"https:\/\/schema.org","@graph":[{"@type":"WebPage","@id":"https:\/\/ecuanegos.ec\/andes\/","url":"https:\/\/ecuanegos.ec\/andes\/","name":"Ecuanegos","isPartOf":{"@id":"https:\/\/ecuanegos.ec\/#website"},"primaryImageOfPage":{"@id":"https:\/\/ecuanegos.ec\/andes\/#primaryimage"},"image":{"@id":"https:\/\/ecuanegos.ec\/andes\/#primaryimage"},"thumbnailUrl":"https:\/\/ecuanegos.ec\/wp-content\/uploads\/2024\/10\/panecillo-600x600.jpg","datePublished":"2024-10-21T03:54:50+00:00","dateModified":"2024-10-21T04:14:53+00:00","breadcrumb":{"@id":"https:\/\/ecuanegos.ec\/andes\/#breadcrumb"},"inLanguage":"en-US","potentialAction":[{"@type":"ReadAction","target":["https:\/\/ecuanegos.ec\/andes\/"]}]},{"@type":"ImageObject","inLanguage":"en-US","@id":"https:\/\/ecuanegos.ec\/andes\/#primaryimage","url":"https:\/\/ecuanegos.ec\/wp-content\/uploads\/2024\/10\/panecillo-600x600.jpg","contentUrl":"https:\/\/ecuanegos.ec\/wp-content\/uploads\/2024\/10\/panecillo-600x600.jpg"},{"@type":"BreadcrumbList","@id":"https:\/\/ecuanegos.ec\/andes\/#breadcrumb","itemListElement":[{"@type":"ListItem","position":1,"name":"Portada","item":"https:\/\/ecuanegos.ec\/"},{"@type":"ListItem","position":2,"name":"Andes"}]},{"@type":"WebSite","@id":"https:\/\/ecuanegos.ec\/#website","url":"https:\/\/ecuanegos.ec\/","name":"Ecuanegos","description":"Turismo e inversi\u00f3n","publisher":{"@id":"https:\/\/ecuanegos.ec\/#organization"},"potentialAction":[{"@type":"SearchAction","target":{"@type":"EntryPoint","urlTemplate":"https:\/\/ecuanegos.ec\/?s={search_term_string}"},"query-input":{"@type":"PropertyValueSpecification","valueRequired":true,"valueName":"search_term_string"}}],"inLanguage":"en-US"},{"@type":"Organization","@id":"https:\/\/ecuanegos.ec\/#organization","name":"Ecuanegos","url":"https:\/\/ecuanegos.ec\/","logo":{"@type":"ImageObject","inLanguage":"en-US","@id":"https:\/\/ecuanegos.ec\/#\/schema\/logo\/image\/","url":"https:\/\/ecuanegos.ec\/wp-content\/uploads\/2024\/10\/LOGO-WEB-1.png","contentUrl":"https:\/\/ecuanegos.ec\/wp-content\/uploads\/2024\/10\/LOGO-WEB-1.png","width":512,"height":512,"caption":"Ecuanegos"},"image":{"@id":"https:\/\/ecuanegos.ec\/#\/schema\/logo\/image\/"}}]}},"_links":{"self":[{"href":"https:\/\/ecuanegos.ec\/en\/wp-json\/wp\/v2\/pages\/1483","targetHints":{"allow":["GET"]}}],"collection":[{"href":"https:\/\/ecuanegos.ec\/en\/wp-json\/wp\/v2\/pages"}],"about":[{"href":"https:\/\/ecuanegos.ec\/en\/wp-json\/wp\/v2\/types\/page"}],"author":[{"embeddable":true,"href":"https:\/\/ecuanegos.ec\/en\/wp-json\/wp\/v2\/users\/1"}],"replies":[{"embeddable":true,"href":"https:\/\/ecuanegos.ec\/en\/wp-json\/wp\/v2\/comments?post=1483"}],"version-history":[{"count":20,"href":"https:\/\/ecuanegos.ec\/en\/wp-json\/wp\/v2\/pages\/1483\/revisions"}],"predecessor-version":[{"id":1523,"href":"https:\/\/ecuanegos.ec\/en\/wp-json\/wp\/v2\/pages\/1483\/revisions\/1523"}],"wp:attachment":[{"href":"https:\/\/ecuanegos.ec\/en\/wp-json\/wp\/v2\/media?parent=1483"}],"curies":[{"name":"wp","href":"https:\/\/api.w.org\/{rel}","templated":true}]}}